{"id":952,"date":"2024-04-23T16:34:09","date_gmt":"2024-04-23T19:34:09","guid":{"rendered":"https:\/\/dracrisgeo.com.br\/?page_id=952"},"modified":"2025-10-28T15:11:00","modified_gmt":"2025-10-28T18:11:00","slug":"google-depoimentos","status":"publish","type":"page","link":"https:\/\/dracrisgeo.com.br\/?page_id=952","title":{"rendered":"Google Depoimentos"},"content":{"rendered":"<style>.kb-row-layout-id952_832dfb-3b > .kt-row-column-wrap{align-content:start;}:where(.kb-row-layout-id952_832dfb-3b > .kt-row-column-wrap) > .wp-block-kadence-column{justify-content:start;}.kb-row-layout-id952_832dfb-3b > .kt-row-column-wrap{column-gap:var(--global-kb-gap-md, 2rem);row-gap:var(--global-kb-gap-md, 2rem);max-width:var( --global-content-width, 1290px );padding-left:var(--global-content-edge-padding);padding-right:var(--global-content-edge-padding);padding-top:18px;padding-bottom:10px;grid-template-columns:minmax(0, 1fr);}.kb-row-layout-id952_832dfb-3b{background-color:#7a8474;}.kb-row-layout-id952_832dfb-3b > .kt-row-layout-overlay{opacity:0.30;}@media all and (max-width: 1024px){.kb-row-layout-id952_832dfb-3b > .kt-row-column-wrap{padding-top:60px;grid-template-columns:minmax(0, 1fr);}}@media all and (max-width: 767px){.kb-row-layout-id952_832dfb-3b > .kt-row-column-wrap{grid-template-columns:minmax(0, 1fr);}}<\/style><div class=\"kb-row-layout-wrap kb-row-layout-id952_832dfb-3b alignnone kt-row-has-bg wp-block-kadence-rowlayout\"><div class=\"kt-row-column-wrap kt-has-1-columns kt-row-layout-equal kt-tab-layout-inherit kt-mobile-layout-row kt-row-valign-top kb-theme-content-width\">\n<style>.kadence-column952_b345f1-91 > .kt-inside-inner-col,.kadence-column952_b345f1-91 > .kt-inside-inner-col:before{border-top-left-radius:0px;border-top-right-radius:0px;border-bottom-right-radius:0px;border-bottom-left-radius:0px;}.kadence-column952_b345f1-91 > .kt-inside-inner-col{column-gap:var(--global-kb-gap-sm, 1rem);}.kadence-column952_b345f1-91 > .kt-inside-inner-col{flex-direction:column;}.kadence-column952_b345f1-91 > .kt-inside-inner-col > .aligncenter{width:100%;}.kadence-column952_b345f1-91 > .kt-inside-inner-col:before{opacity:0.3;}.kadence-column952_b345f1-91{position:relative;}@media all and (max-width: 1024px){.kadence-column952_b345f1-91 > .kt-inside-inner-col{flex-direction:column;justify-content:center;}}@media all and (max-width: 767px){.kadence-column952_b345f1-91 > .kt-inside-inner-col{flex-direction:column;justify-content:center;}}<\/style>\n<div class=\"wp-block-kadence-column kadence-column952_b345f1-91 inner-column-1\"><div class=\"kt-inside-inner-col\"><style>.kb-row-layout-id952_c98ff6-21 > .kt-row-column-wrap{align-content:start;}:where(.kb-row-layout-id952_c98ff6-21 > .kt-row-column-wrap) > .wp-block-kadence-column{justify-content:start;}.kb-row-layout-id952_c98ff6-21 > .kt-row-column-wrap{column-gap:var(--global-kb-gap-md, 2rem);row-gap:var(--global-kb-gap-md, 2rem);max-width:600px;margin-left:auto;margin-right:auto;padding-top:0px;padding-bottom:0px;grid-template-columns:minmax(0, 1fr);}.kb-row-layout-id952_c98ff6-21{background-color:#7a8474;}.kb-row-layout-id952_c98ff6-21 > .kt-row-layout-overlay{opacity:0.00;background-color:#7a8474;}@media all and (max-width: 1024px){.kb-row-layout-id952_c98ff6-21 > .kt-row-column-wrap{max-width:600px;margin-left:auto;margin-right:auto;grid-template-columns:minmax(0, 1fr);}}@media all and (max-width: 767px){.kb-row-layout-id952_c98ff6-21 > .kt-row-column-wrap{grid-template-columns:minmax(0, 1fr);}}<\/style><div class=\"kb-row-layout-wrap kb-row-layout-id952_c98ff6-21 alignnone kt-row-has-bg wp-block-kadence-rowlayout\"><div class=\"kt-row-layout-overlay kt-row-overlay-normal\"><\/div><div class=\"kt-row-column-wrap kt-has-1-columns kt-row-layout-equal kt-tab-layout-inherit kt-mobile-layout-row kt-row-valign-top\">\n<style>.kadence-column952_5d575f-53 > .kt-inside-inner-col,.kadence-column952_5d575f-53 > .kt-inside-inner-col:before{border-top-left-radius:0px;border-top-right-radius:0px;border-bottom-right-radius:0px;border-bottom-left-radius:0px;}.kadence-column952_5d575f-53 > .kt-inside-inner-col{column-gap:var(--global-kb-gap-sm, 1rem);}.kadence-column952_5d575f-53 > .kt-inside-inner-col{flex-direction:column;}.kadence-column952_5d575f-53 > .kt-inside-inner-col > .aligncenter{width:100%;}.kadence-column952_5d575f-53 > .kt-inside-inner-col:before{opacity:0.3;}.kadence-column952_5d575f-53{position:relative;}@media all and (max-width: 1024px){.kadence-column952_5d575f-53 > .kt-inside-inner-col{flex-direction:column;justify-content:center;}}@media all and (max-width: 767px){.kadence-column952_5d575f-53 > .kt-inside-inner-col{flex-direction:column;justify-content:center;}}<\/style>\n<div class=\"wp-block-kadence-column kadence-column952_5d575f-53 inner-column-1\"><div class=\"kt-inside-inner-col\"><style>.wp-block-kadence-advancedheading.kt-adv-heading952_8dc1a9-d8, .wp-block-kadence-advancedheading.kt-adv-heading952_8dc1a9-d8[data-kb-block=\"kb-adv-heading952_8dc1a9-d8\"]{margin-bottom:20px;text-align:center;font-size:50px;line-height:70px;font-style:normal;}.wp-block-kadence-advancedheading.kt-adv-heading952_8dc1a9-d8 mark.kt-highlight, .wp-block-kadence-advancedheading.kt-adv-heading952_8dc1a9-d8[data-kb-block=\"kb-adv-heading952_8dc1a9-d8\"] mark.kt-highlight{font-style:normal;color:#f76a0c;-webkit-box-decoration-break:clone;box-decoration-break:clone;padding-top:0px;padding-right:0px;padding-bottom:0px;padding-left:0px;}.wp-block-kadence-advancedheading.kt-adv-heading952_8dc1a9-d8 img.kb-inline-image, .wp-block-kadence-advancedheading.kt-adv-heading952_8dc1a9-d8[data-kb-block=\"kb-adv-heading952_8dc1a9-d8\"] img.kb-inline-image{width:150px;vertical-align:baseline;}@media all and (max-width: 1024px){.wp-block-kadence-advancedheading.kt-adv-heading952_8dc1a9-d8, .wp-block-kadence-advancedheading.kt-adv-heading952_8dc1a9-d8[data-kb-block=\"kb-adv-heading952_8dc1a9-d8\"]{font-size:55px;}}@media all and (max-width: 767px){.wp-block-kadence-advancedheading.kt-adv-heading952_8dc1a9-d8, .wp-block-kadence-advancedheading.kt-adv-heading952_8dc1a9-d8[data-kb-block=\"kb-adv-heading952_8dc1a9-d8\"]{font-size:45px;}}<\/style>\n<h1 class=\"kt-adv-heading952_8dc1a9-d8 wp-block-kadence-advancedheading has-theme-palette-9-color has-text-color\" data-kb-block=\"kb-adv-heading952_8dc1a9-d8\">Google Depoimentos<\/h1>\n\n\n<style>.wp-block-kadence-advancedheading.kt-adv-heading952_07d36c-a2, .wp-block-kadence-advancedheading.kt-adv-heading952_07d36c-a2[data-kb-block=\"kb-adv-heading952_07d36c-a2\"]{text-align:center;font-style:normal;}.wp-block-kadence-advancedheading.kt-adv-heading952_07d36c-a2 mark.kt-highlight, .wp-block-kadence-advancedheading.kt-adv-heading952_07d36c-a2[data-kb-block=\"kb-adv-heading952_07d36c-a2\"] mark.kt-highlight{font-style:normal;color:#f76a0c;-webkit-box-decoration-break:clone;box-decoration-break:clone;padding-top:0px;padding-right:0px;padding-bottom:0px;padding-left:0px;}.wp-block-kadence-advancedheading.kt-adv-heading952_07d36c-a2 img.kb-inline-image, .wp-block-kadence-advancedheading.kt-adv-heading952_07d36c-a2[data-kb-block=\"kb-adv-heading952_07d36c-a2\"] img.kb-inline-image{width:150px;vertical-align:baseline;}<\/style>\n<p class=\"kt-adv-heading952_07d36c-a2 wp-block-kadence-advancedheading\" data-kb-block=\"kb-adv-heading952_07d36c-a2\"><\/p>\n<\/div><\/div>\n\n<\/div><\/div><\/div><\/div>\n\n<\/div><\/div>\n\n<style>.kb-row-layout-id952_2bdd5e-a4 > .kt-row-column-wrap{align-content:start;}:where(.kb-row-layout-id952_2bdd5e-a4 > .kt-row-column-wrap) > .wp-block-kadence-column{justify-content:start;}.kb-row-layout-id952_2bdd5e-a4 > .kt-row-column-wrap{column-gap:var(--global-kb-gap-md, 2rem);row-gap:var(--global-kb-gap-md, 2rem);max-width:var( --global-content-width, 1290px );padding-left:var(--global-content-edge-padding);padding-right:var(--global-content-edge-padding);padding-top:20px;padding-right:20px;padding-bottom:14px;padding-left:20px;grid-template-columns:minmax(0, 1fr);}.kb-row-layout-id952_2bdd5e-a4 > .kt-row-layout-overlay{opacity:0.30;}@media all and (max-width: 1024px){.kb-row-layout-id952_2bdd5e-a4 > .kt-row-column-wrap{padding-top:40px;padding-right:150px;padding-bottom:60px;padding-left:150px;grid-template-columns:minmax(0, 1fr);}}@media all and (max-width: 767px){.kb-row-layout-id952_2bdd5e-a4 > .kt-row-column-wrap{padding-top:0px;padding-right:30px;padding-bottom:40px;padding-left:30px;grid-template-columns:minmax(0, 1fr);}}<\/style><div class=\"kb-row-layout-wrap kb-row-layout-id952_2bdd5e-a4 alignnone has-theme-palette7-background-color kt-row-has-bg wp-block-kadence-rowlayout\"><div class=\"kt-row-column-wrap kt-has-1-columns kt-row-layout-equal kt-tab-layout-inherit kt-mobile-layout-row kt-row-valign-top kb-theme-content-width\">\n<style>.kadence-column952_01c236-00 > .kt-inside-inner-col,.kadence-column952_01c236-00 > .kt-inside-inner-col:before{border-top-left-radius:0px;border-top-right-radius:0px;border-bottom-right-radius:0px;border-bottom-left-radius:0px;}.kadence-column952_01c236-00 > .kt-inside-inner-col{column-gap:var(--global-kb-gap-sm, 1rem);}.kadence-column952_01c236-00 > .kt-inside-inner-col{flex-direction:column;}.kadence-column952_01c236-00 > .kt-inside-inner-col > .aligncenter{width:100%;}.kadence-column952_01c236-00 > .kt-inside-inner-col:before{opacity:0.3;}.kadence-column952_01c236-00{position:relative;}@media all and (max-width: 1024px){.kadence-column952_01c236-00 > .kt-inside-inner-col{flex-direction:column;justify-content:center;}}@media all and (max-width: 767px){.kadence-column952_01c236-00 > .kt-inside-inner-col{flex-direction:column;justify-content:center;}}<\/style>\n<div class=\"wp-block-kadence-column kadence-column952_01c236-00 inner-column-1\"><div class=\"kt-inside-inner-col\"><\/div><\/div>\n\n<\/div><\/div>\n\n<style>.kb-row-layout-id952_50b45b-aa > .kt-row-column-wrap{align-content:start;}:where(.kb-row-layout-id952_50b45b-aa > .kt-row-column-wrap) > .wp-block-kadence-column{justify-content:start;}.kb-row-layout-id952_50b45b-aa > .kt-row-column-wrap{column-gap:var(--global-kb-gap-md, 2rem);row-gap:var(--global-kb-gap-md, 2rem);max-width:var( --global-content-width, 1290px );padding-left:var(--global-content-edge-padding);padding-right:var(--global-content-edge-padding);padding-top:23px;padding-right:20px;padding-bottom:17px;padding-left:20px;grid-template-columns:minmax(0, 1fr);}.kb-row-layout-id952_50b45b-aa > .kt-row-layout-overlay{opacity:0.85;background-color:#414740;}@media all and (max-width: 1024px){.kb-row-layout-id952_50b45b-aa > .kt-row-column-wrap{padding-top:60px;padding-right:150px;padding-bottom:60px;padding-left:150px;grid-template-columns:minmax(0, 1fr);}}@media all and (max-width: 767px){.kb-row-layout-id952_50b45b-aa > .kt-row-column-wrap{padding-top:60px;padding-right:30px;padding-bottom:60px;padding-left:30px;grid-template-columns:minmax(0, 1fr);}}<\/style><div class=\"kb-row-layout-wrap kb-row-layout-id952_50b45b-aa alignnone has-theme-palette7-background-color kt-row-has-bg wp-block-kadence-rowlayout\"><div class=\"kt-row-layout-overlay kt-row-overlay-normal\"><\/div><div class=\"kt-row-column-wrap kt-has-1-columns kt-row-layout-equal kt-tab-layout-inherit kt-mobile-layout-row kt-row-valign-top kb-theme-content-width\">\n<style>.kadence-column952_0a1209-42 > .kt-inside-inner-col,.kadence-column952_0a1209-42 > .kt-inside-inner-col:before{border-top-left-radius:0px;border-top-right-radius:0px;border-bottom-right-radius:0px;border-bottom-left-radius:0px;}.kadence-column952_0a1209-42 > .kt-inside-inner-col{column-gap:var(--global-kb-gap-sm, 1rem);}.kadence-column952_0a1209-42 > .kt-inside-inner-col{flex-direction:column;}.kadence-column952_0a1209-42 > .kt-inside-inner-col > .aligncenter{width:100%;}.kadence-column952_0a1209-42 > .kt-inside-inner-col{background-color:var(--global-palette7, #EDF2F7);}.kadence-column952_0a1209-42 > .kt-inside-inner-col:before{opacity:0.3;}.kadence-column952_0a1209-42{position:relative;}@media all and (max-width: 1024px){.kadence-column952_0a1209-42 > .kt-inside-inner-col{flex-direction:column;justify-content:center;}}@media all and (max-width: 767px){.kadence-column952_0a1209-42 > .kt-inside-inner-col{flex-direction:column;justify-content:center;}}<\/style>\n<div class=\"wp-block-kadence-column kadence-column952_0a1209-42 inner-column-1\"><div class=\"kt-inside-inner-col\">\n<pre class=\"ti-widget\"><template id=\"trustindex-google-widget-html\"><div class=\"ti-widget ti-goog ti-review-text-mode-readmore ti-text-align-center\" data-no-translation=\"true\" data-plugin-version=\"13.2.7\" data-layout-id=\"4\" data-set-id=\"light-background\" data-pid=\"\" data-pager-autoplay-timeout=\"6\" data-review-target-width=\"300\" data-language=\"pt\"> <div class=\"ti-widget-container ti-col-3\"> <div class=\"ti-reviews-container\"> <div class=\"ti-controls\"> <div class=\"ti-next\"><\/div> <div class=\"ti-prev\"><\/div> <\/div> <div class=\"ti-reviews-container-wrapper\">  <div data-empty=\"0\" class=\"ti-review-item source-Google\"> <div class=\"ti-inner\"> <div class=\"ti-review-header\"> <div class=\"ti-profile-img\"> <trustindex-image data-imgurl=\"https:\/\/lh3.googleusercontent.com\/a\/ACg8ocLEExL122DAyiQLAnxHiZhZHiSLWVFSQzPZ19YKqhHQq4dhhw=w40-h40-c-rp-mo-br100\" alt=\"Marina Nunes de Paiva Santos Queiroz\"><\/trustindex-image> <\/div> <div class=\"ti-profile-details\"> <div class=\"ti-name\"> Marina Nunes de Paiva Santos Queiroz <\/div> <div class=\"ti-date\">31 Maio 2023<\/div> <\/div> <\/div> <span class=\"ti-stars\"><span class=\"ti-star f\"><\/span><span class=\"ti-star f\"><\/span><span class=\"ti-star f\"><\/span><span class=\"ti-star f\"><\/span><span class=\"ti-star f\"><\/span><\/span> <div class=\"ti-review-text-container ti-review-content\"><!-- R-CONTENT -->\u00d3tima experi\u00eancia. Adorei a Dra. Cristina, muito atenciosa.<!-- R-CONTENT --><\/div> <span class=\"ti-read-more\" data-container=\".ti-review-content\" data-collapse-text=\"Esconder\" data-open-text=\"Consulte Mais informa\u00e7\u00e3o\"><\/span> <\/div> <\/div>  <div data-empty=\"0\" class=\"ti-review-item source-Google\"> <div class=\"ti-inner\"> <div class=\"ti-review-header\"> <div class=\"ti-profile-img\"> <trustindex-image data-imgurl=\"https:\/\/lh3.googleusercontent.com\/a-\/ALV-UjU36YpGYoe-4ZTQm8P-4pqal_vxY1YCVXZOHpz9dHr9WdjagBoN=w40-h40-c-rp-mo-br100\" alt=\"Camila Villa\u00e7a\"><\/trustindex-image> <\/div> <div class=\"ti-profile-details\"> <div class=\"ti-name\"> Camila Villa\u00e7a <\/div> <div class=\"ti-date\">31 Maio 2023<\/div> <\/div> <\/div> <span class=\"ti-stars\"><span class=\"ti-star f\"><\/span><span class=\"ti-star f\"><\/span><span class=\"ti-star f\"><\/span><span class=\"ti-star f\"><\/span><span class=\"ti-star f\"><\/span><\/span> <div class=\"ti-review-text-container ti-review-content\"><!-- R-CONTENT -->M\u00e9dica maravilhosa que cuida do meu templo sagrado h\u00e1 anos com amor e dedica\u00e7\u00e3o. Gratid\u00e3o \u2661<!-- R-CONTENT --><\/div> <span class=\"ti-read-more\" data-container=\".ti-review-content\" data-collapse-text=\"Esconder\" data-open-text=\"Consulte Mais informa\u00e7\u00e3o\"><\/span> <\/div> <\/div>  <div data-empty=\"0\" class=\"ti-review-item source-Google\"> <div class=\"ti-inner\"> <div class=\"ti-review-header\"> <div class=\"ti-profile-img\"> <trustindex-image data-imgurl=\"https:\/\/lh3.googleusercontent.com\/a-\/ALV-UjV3rRfvhze4toGNb4AIkjh-Ji0rzXOqKsaNgqMpycfwaklQkZt5pw=w40-h40-c-rp-mo-br100\" alt=\"Adrielle de Carvalho Santana\"><\/trustindex-image> <\/div> <div class=\"ti-profile-details\"> <div class=\"ti-name\"> Adrielle de Carvalho Santana <\/div> <div class=\"ti-date\">31 Maio 2023<\/div> <\/div> <\/div> <span class=\"ti-stars\"><span class=\"ti-star f\"><\/span><span class=\"ti-star f\"><\/span><span class=\"ti-star f\"><\/span><span class=\"ti-star f\"><\/span><span class=\"ti-star f\"><\/span><\/span> <div class=\"ti-review-text-container ti-review-content\"><!-- R-CONTENT -->Adorei a experi\u00eancia. A Cristina foi muito gentil e detalhista. Explicou tudo com calma e profissionalismo. Fez perguntas e exames relevantes para a consulta. Pontual. Ambiente agrad\u00e1vel, limpo e organizado. Certamente voltarei a me consultar com ela para outros preventivos.<!-- R-CONTENT --><\/div> <span class=\"ti-read-more\" data-container=\".ti-review-content\" data-collapse-text=\"Esconder\" data-open-text=\"Consulte Mais informa\u00e7\u00e3o\"><\/span> <\/div> <\/div>  <div data-empty=\"0\" class=\"ti-review-item source-Google\"> <div class=\"ti-inner\"> <div class=\"ti-review-header\"> <div class=\"ti-profile-img\"> <trustindex-image data-imgurl=\"https:\/\/lh3.googleusercontent.com\/a-\/ALV-UjU-khtpYbFfii8ORAv478yQO1vqcBzChCCurdB_g3Lga71q1yrwNw=w40-h40-c-rp-mo-ba3-br100\" alt=\"Graciele Roncato\"><\/trustindex-image> <\/div> <div class=\"ti-profile-details\"> <div class=\"ti-name\"> Graciele Roncato <\/div> <div class=\"ti-date\">26 Maio 2023<\/div> <\/div> <\/div> <span class=\"ti-stars\"><span class=\"ti-star f\"><\/span><span class=\"ti-star f\"><\/span><span class=\"ti-star f\"><\/span><span class=\"ti-star f\"><\/span><span class=\"ti-star f\"><\/span><\/span> <div class=\"ti-review-text-container ti-review-content\"><!-- R-CONTENT -->Melhor m\u00e9dica! Profissional exemplar, super atenciosa, pontual, dedicada, s\u00f3 tenho a agradecer a ela por todos esses anos cuidando de mim.<!-- R-CONTENT --><\/div> <span class=\"ti-read-more\" data-container=\".ti-review-content\" data-collapse-text=\"Esconder\" data-open-text=\"Consulte Mais informa\u00e7\u00e3o\"><\/span> <\/div> <\/div>  <div data-empty=\"0\" class=\"ti-review-item source-Google\"> <div class=\"ti-inner\"> <div class=\"ti-review-header\"> <div class=\"ti-profile-img\"> <trustindex-image data-imgurl=\"https:\/\/lh3.googleusercontent.com\/a\/ACg8ocLItSTZy4bjFEFlLapgO_K8CKesPE27g8Sjuw2wAZZvTd75rQ=w40-h40-c-rp-mo-br100\" alt=\"Patricia Sarmento\"><\/trustindex-image> <\/div> <div class=\"ti-profile-details\"> <div class=\"ti-name\"> Patricia Sarmento <\/div> <div class=\"ti-date\">25 Maio 2023<\/div> <\/div> <\/div> <span class=\"ti-stars\"><span class=\"ti-star f\"><\/span><span class=\"ti-star f\"><\/span><span class=\"ti-star f\"><\/span><span class=\"ti-star f\"><\/span><span class=\"ti-star f\"><\/span><\/span> <div class=\"ti-review-text-container ti-review-content\"><!-- R-CONTENT -->Excelente m\u00e9dica,  atenciosa, competente, dedicada. Trata o paciente com respeito e comprometimento. Recomendo muito!!<!-- R-CONTENT --><\/div> <span class=\"ti-read-more\" data-container=\".ti-review-content\" data-collapse-text=\"Esconder\" data-open-text=\"Consulte Mais informa\u00e7\u00e3o\"><\/span> <\/div> <\/div>  <div data-empty=\"0\" class=\"ti-review-item source-Google\"> <div class=\"ti-inner\"> <div class=\"ti-review-header\"> <div class=\"ti-profile-img\"> <trustindex-image data-imgurl=\"https:\/\/lh3.googleusercontent.com\/a\/ACg8ocLuOPnRRLav3Sv0dV5_ioLEf_slVFd8Da3mHzh-Nnkc2L3i1A=w40-h40-c-rp-mo-br100\" alt=\"Simone Sarmento Carneiro\"><\/trustindex-image> <\/div> <div class=\"ti-profile-details\"> <div class=\"ti-name\"> Simone Sarmento Carneiro <\/div> <div class=\"ti-date\">25 Maio 2023<\/div> <\/div> <\/div> <span class=\"ti-stars\"><span class=\"ti-star f\"><\/span><span class=\"ti-star f\"><\/span><span class=\"ti-star f\"><\/span><span class=\"ti-star f\"><\/span><span class=\"ti-star f\"><\/span><\/span> <div class=\"ti-review-text-container ti-review-content\"><!-- R-CONTENT -->Adorei, pontual e super atenciosa.\nCompetente e cuidadosa !! Al\u00e9m da energia dela que \u00e9 uma caracter\u00edstica a parte<!-- R-CONTENT --><\/div> <span class=\"ti-read-more\" data-container=\".ti-review-content\" data-collapse-text=\"Esconder\" data-open-text=\"Consulte Mais informa\u00e7\u00e3o\"><\/span> <\/div> <\/div>  <div data-empty=\"0\" class=\"ti-review-item source-Google\"> <div class=\"ti-inner\"> <div class=\"ti-review-header\"> <div class=\"ti-profile-img\"> <trustindex-image data-imgurl=\"https:\/\/lh3.googleusercontent.com\/a\/ACg8ocIJZ3Xm-3JwKKd5TdUBElM-vXm-WM2ToJsL1TEHs9GubFVe1A=w40-h40-c-rp-mo-br100\" alt=\"patricia Alves\"><\/trustindex-image> <\/div> <div class=\"ti-profile-details\"> <div class=\"ti-name\"> patricia Alves <\/div> <div class=\"ti-date\">16 Maio 2023<\/div> <\/div> <\/div> <span class=\"ti-stars\"><span class=\"ti-star f\"><\/span><span class=\"ti-star f\"><\/span><span class=\"ti-star f\"><\/span><span class=\"ti-star f\"><\/span><span class=\"ti-star f\"><\/span><\/span> <div class=\"ti-review-text-container ti-review-content\"><!-- R-CONTENT -->Dra Cristina \u00e9 uma excelente m\u00e9dica. Muito atenciosa e clara em suas explica\u00e7\u00f5es. Todas as minhas duvidas foram muito bem esclarecidas.<!-- R-CONTENT --><\/div> <span class=\"ti-read-more\" data-container=\".ti-review-content\" data-collapse-text=\"Esconder\" data-open-text=\"Consulte Mais informa\u00e7\u00e3o\"><\/span> <\/div> <\/div>  <\/div> <div class=\"ti-controls-line\"> <div class=\"dot\"><\/div> <\/div> <\/div>   <\/div> <\/div> <\/template><\/pre><div data-src=\"https:\/\/cdn.trustindex.io\/loader.js?wp-widget\" data-template-id=\"trustindex-google-widget-html\" data-css-url=\"https:\/\/dracrisgeo.com.br\/wp-content\/uploads\/trustindex-google-widget.css?1713984076\"><\/div>\n\n\n\n<p><\/p>\n<\/div><\/div>\n\n<\/div><\/div>","protected":false},"excerpt":{"rendered":"<p>Google Depoimentos<\/p>\n","protected":false},"author":1,"featured_media":0,"parent":0,"menu_order":0,"comment_status":"closed","ping_status":"closed","template":"","meta":{"_kadence_starter_templates_imported_post":true,"_kad_post_transparent":"","_kad_post_title":"hide","_kad_post_layout":"fullwidth","_kad_post_sidebar_id":"","_kad_post_content_style":"unboxed","_kad_post_vertical_padding":"hide","_kad_post_feature":"hide","_kad_post_feature_position":"","_kad_post_header":false,"_kad_post_footer":false,"footnotes":""},"class_list":["post-952","page","type-page","status-publish","hentry"],"acf":[],"_links":{"self":[{"href":"https:\/\/dracrisgeo.com.br\/index.php?rest_route=\/wp\/v2\/pages\/952","targetHints":{"allow":["GET"]}}],"collection":[{"href":"https:\/\/dracrisgeo.com.br\/index.php?rest_route=\/wp\/v2\/pages"}],"about":[{"href":"https:\/\/dracrisgeo.com.br\/index.php?rest_route=\/wp\/v2\/types\/page"}],"author":[{"embeddable":true,"href":"https:\/\/dracrisgeo.com.br\/index.php?rest_route=\/wp\/v2\/users\/1"}],"replies":[{"embeddable":true,"href":"https:\/\/dracrisgeo.com.br\/index.php?rest_route=%2Fwp%2Fv2%2Fcomments&post=952"}],"version-history":[{"count":11,"href":"https:\/\/dracrisgeo.com.br\/index.php?rest_route=\/wp\/v2\/pages\/952\/revisions"}],"predecessor-version":[{"id":1151,"href":"https:\/\/dracrisgeo.com.br\/index.php?rest_route=\/wp\/v2\/pages\/952\/revisions\/1151"}],"wp:attachment":[{"href":"https:\/\/dracrisgeo.com.br\/index.php?rest_route=%2Fwp%2Fv2%2Fmedia&parent=952"}],"curies":[{"name":"wp","href":"https:\/\/api.w.org\/{rel}","templated":true}]}}