{"id":785,"date":"2024-03-28T20:45:52","date_gmt":"2024-03-28T23:45:52","guid":{"rendered":"https:\/\/dracrisgeo.com.br\/?page_id=785"},"modified":"2025-11-18T21:49:39","modified_gmt":"2025-11-19T00:49:39","slug":"consultorio","status":"publish","type":"page","link":"https:\/\/dracrisgeo.com.br\/?page_id=785","title":{"rendered":"Consult\u00f3rio"},"content":{"rendered":"<style>.kb-row-layout-id785_ba7caa-8c > .kt-row-column-wrap{align-content:start;}:where(.kb-row-layout-id785_ba7caa-8c > .kt-row-column-wrap) > .wp-block-kadence-column{justify-content:start;}.kb-row-layout-id785_ba7caa-8c > .kt-row-column-wrap{column-gap:var(--global-kb-gap-md, 2rem);row-gap:var(--global-kb-gap-md, 2rem);max-width:var( --global-content-width, 1290px );padding-left:var(--global-content-edge-padding);padding-right:var(--global-content-edge-padding);padding-top:18px;padding-bottom:10px;grid-template-columns:minmax(0, 1fr);}.kb-row-layout-id785_ba7caa-8c{background-color:#97a091;}.kb-row-layout-id785_ba7caa-8c > .kt-row-layout-overlay{opacity:0.30;}@media all and (max-width: 1024px){.kb-row-layout-id785_ba7caa-8c > .kt-row-column-wrap{padding-top:60px;grid-template-columns:minmax(0, 1fr);}}@media all and (max-width: 767px){.kb-row-layout-id785_ba7caa-8c > .kt-row-column-wrap{grid-template-columns:minmax(0, 1fr);}}<\/style><div class=\"kb-row-layout-wrap kb-row-layout-id785_ba7caa-8c alignnone kt-row-has-bg wp-block-kadence-rowlayout\"><div class=\"kt-row-column-wrap kt-has-1-columns kt-row-layout-equal kt-tab-layout-inherit kt-mobile-layout-row kt-row-valign-top kb-theme-content-width\">\n<style>.kadence-column785_db0f8a-50 > .kt-inside-inner-col,.kadence-column785_db0f8a-50 > .kt-inside-inner-col:before{border-top-left-radius:0px;border-top-right-radius:0px;border-bottom-right-radius:0px;border-bottom-left-radius:0px;}.kadence-column785_db0f8a-50 > .kt-inside-inner-col{column-gap:var(--global-kb-gap-sm, 1rem);}.kadence-column785_db0f8a-50 > .kt-inside-inner-col{flex-direction:column;}.kadence-column785_db0f8a-50 > .kt-inside-inner-col > .aligncenter{width:100%;}.kadence-column785_db0f8a-50 > .kt-inside-inner-col:before{opacity:0.3;}.kadence-column785_db0f8a-50{position:relative;}@media all and (max-width: 1024px){.kadence-column785_db0f8a-50 > .kt-inside-inner-col{flex-direction:column;justify-content:center;}}@media all and (max-width: 767px){.kadence-column785_db0f8a-50 > .kt-inside-inner-col{flex-direction:column;justify-content:center;}}<\/style>\n<div class=\"wp-block-kadence-column kadence-column785_db0f8a-50 inner-column-1\"><div class=\"kt-inside-inner-col\"><style>.kb-row-layout-id785_f0321c-ce > .kt-row-column-wrap{align-content:start;}:where(.kb-row-layout-id785_f0321c-ce > .kt-row-column-wrap) > .wp-block-kadence-column{justify-content:start;}.kb-row-layout-id785_f0321c-ce > .kt-row-column-wrap{column-gap:var(--global-kb-gap-md, 2rem);row-gap:var(--global-kb-gap-md, 2rem);max-width:600px;margin-left:auto;margin-right:auto;padding-top:0px;padding-bottom:0px;grid-template-columns:minmax(0, 1fr);}.kb-row-layout-id785_f0321c-ce > .kt-row-layout-overlay{opacity:0.30;}@media all and (max-width: 1024px){.kb-row-layout-id785_f0321c-ce > .kt-row-column-wrap{max-width:600px;margin-left:auto;margin-right:auto;grid-template-columns:minmax(0, 1fr);}}@media all and (max-width: 767px){.kb-row-layout-id785_f0321c-ce > .kt-row-column-wrap{grid-template-columns:minmax(0, 1fr);}}<\/style><div class=\"kb-row-layout-wrap kb-row-layout-id785_f0321c-ce alignnone wp-block-kadence-rowlayout\"><div class=\"kt-row-column-wrap kt-has-1-columns kt-row-layout-equal kt-tab-layout-inherit kt-mobile-layout-row kt-row-valign-top\">\n<style>.kadence-column785_b3bcf7-85 > .kt-inside-inner-col,.kadence-column785_b3bcf7-85 > .kt-inside-inner-col:before{border-top-left-radius:0px;border-top-right-radius:0px;border-bottom-right-radius:0px;border-bottom-left-radius:0px;}.kadence-column785_b3bcf7-85 > .kt-inside-inner-col{column-gap:var(--global-kb-gap-sm, 1rem);}.kadence-column785_b3bcf7-85 > .kt-inside-inner-col{flex-direction:column;}.kadence-column785_b3bcf7-85 > .kt-inside-inner-col > .aligncenter{width:100%;}.kadence-column785_b3bcf7-85 > .kt-inside-inner-col:before{opacity:0.3;}.kadence-column785_b3bcf7-85{position:relative;}@media all and (max-width: 1024px){.kadence-column785_b3bcf7-85 > .kt-inside-inner-col{flex-direction:column;justify-content:center;}}@media all and (max-width: 767px){.kadence-column785_b3bcf7-85 > .kt-inside-inner-col{flex-direction:column;justify-content:center;}}<\/style>\n<div class=\"wp-block-kadence-column kadence-column785_b3bcf7-85 inner-column-1\"><div class=\"kt-inside-inner-col\"><style>.wp-block-kadence-advancedheading.kt-adv-heading785_30301a-38, .wp-block-kadence-advancedheading.kt-adv-heading785_30301a-38[data-kb-block=\"kb-adv-heading785_30301a-38\"]{margin-bottom:20px;text-align:center;font-size:50px;line-height:70px;font-style:normal;}.wp-block-kadence-advancedheading.kt-adv-heading785_30301a-38 mark.kt-highlight, .wp-block-kadence-advancedheading.kt-adv-heading785_30301a-38[data-kb-block=\"kb-adv-heading785_30301a-38\"] mark.kt-highlight{font-style:normal;color:#f76a0c;-webkit-box-decoration-break:clone;box-decoration-break:clone;padding-top:0px;padding-right:0px;padding-bottom:0px;padding-left:0px;}.wp-block-kadence-advancedheading.kt-adv-heading785_30301a-38 img.kb-inline-image, .wp-block-kadence-advancedheading.kt-adv-heading785_30301a-38[data-kb-block=\"kb-adv-heading785_30301a-38\"] img.kb-inline-image{width:150px;vertical-align:baseline;}@media all and (max-width: 1024px){.wp-block-kadence-advancedheading.kt-adv-heading785_30301a-38, .wp-block-kadence-advancedheading.kt-adv-heading785_30301a-38[data-kb-block=\"kb-adv-heading785_30301a-38\"]{font-size:55px;}}@media all and (max-width: 767px){.wp-block-kadence-advancedheading.kt-adv-heading785_30301a-38, .wp-block-kadence-advancedheading.kt-adv-heading785_30301a-38[data-kb-block=\"kb-adv-heading785_30301a-38\"]{font-size:45px;}}<\/style>\n<h1 class=\"kt-adv-heading785_30301a-38 wp-block-kadence-advancedheading has-theme-palette-9-color has-text-color\" data-kb-block=\"kb-adv-heading785_30301a-38\">Consult\u00f3rio<\/h1>\n\n\n<style>.wp-block-kadence-advancedheading.kt-adv-heading785_b0d1b1-8c, .wp-block-kadence-advancedheading.kt-adv-heading785_b0d1b1-8c[data-kb-block=\"kb-adv-heading785_b0d1b1-8c\"]{text-align:center;font-style:normal;}.wp-block-kadence-advancedheading.kt-adv-heading785_b0d1b1-8c mark.kt-highlight, .wp-block-kadence-advancedheading.kt-adv-heading785_b0d1b1-8c[data-kb-block=\"kb-adv-heading785_b0d1b1-8c\"] mark.kt-highlight{font-style:normal;color:#f76a0c;-webkit-box-decoration-break:clone;box-decoration-break:clone;padding-top:0px;padding-right:0px;padding-bottom:0px;padding-left:0px;}.wp-block-kadence-advancedheading.kt-adv-heading785_b0d1b1-8c img.kb-inline-image, .wp-block-kadence-advancedheading.kt-adv-heading785_b0d1b1-8c[data-kb-block=\"kb-adv-heading785_b0d1b1-8c\"] img.kb-inline-image{width:150px;vertical-align:baseline;}<\/style>\n<p class=\"kt-adv-heading785_b0d1b1-8c wp-block-kadence-advancedheading\" data-kb-block=\"kb-adv-heading785_b0d1b1-8c\"><\/p>\n<\/div><\/div>\n\n<\/div><\/div><\/div><\/div>\n\n<\/div><\/div>\n\n<style>.kb-row-layout-id785_ef1ef4-d0 > .kt-row-column-wrap{align-content:start;}:where(.kb-row-layout-id785_ef1ef4-d0 > .kt-row-column-wrap) > .wp-block-kadence-column{justify-content:start;}.kb-row-layout-id785_ef1ef4-d0 > .kt-row-column-wrap{column-gap:var(--global-kb-gap-md, 2rem);row-gap:var(--global-kb-gap-md, 2rem);max-width:var( --global-content-width, 1290px );padding-left:var(--global-content-edge-padding);padding-right:var(--global-content-edge-padding);padding-top:20px;padding-right:20px;padding-bottom:14px;padding-left:20px;grid-template-columns:minmax(0, 1fr);}.kb-row-layout-id785_ef1ef4-d0 > .kt-row-layout-overlay{opacity:0.30;}@media all and (max-width: 1024px){.kb-row-layout-id785_ef1ef4-d0 > .kt-row-column-wrap{padding-top:40px;padding-right:150px;padding-bottom:60px;padding-left:150px;grid-template-columns:minmax(0, 1fr);}}@media all and (max-width: 767px){.kb-row-layout-id785_ef1ef4-d0 > .kt-row-column-wrap{padding-top:0px;padding-right:30px;padding-bottom:40px;padding-left:30px;grid-template-columns:minmax(0, 1fr);}}<\/style><div class=\"kb-row-layout-wrap kb-row-layout-id785_ef1ef4-d0 alignnone has-theme-palette7-background-color kt-row-has-bg wp-block-kadence-rowlayout\"><div class=\"kt-row-column-wrap kt-has-1-columns kt-row-layout-equal kt-tab-layout-inherit kt-mobile-layout-row kt-row-valign-top kb-theme-content-width\">\n<style>.kadence-column785_a95fc1-29 > .kt-inside-inner-col,.kadence-column785_a95fc1-29 > .kt-inside-inner-col:before{border-top-left-radius:0px;border-top-right-radius:0px;border-bottom-right-radius:0px;border-bottom-left-radius:0px;}.kadence-column785_a95fc1-29 > .kt-inside-inner-col{column-gap:var(--global-kb-gap-sm, 1rem);}.kadence-column785_a95fc1-29 > .kt-inside-inner-col{flex-direction:column;}.kadence-column785_a95fc1-29 > .kt-inside-inner-col > .aligncenter{width:100%;}.kadence-column785_a95fc1-29 > .kt-inside-inner-col:before{opacity:0.3;}.kadence-column785_a95fc1-29{position:relative;}@media all and (max-width: 1024px){.kadence-column785_a95fc1-29 > .kt-inside-inner-col{flex-direction:column;justify-content:center;}}@media all and (max-width: 767px){.kadence-column785_a95fc1-29 > .kt-inside-inner-col{flex-direction:column;justify-content:center;}}<\/style>\n<div class=\"wp-block-kadence-column kadence-column785_a95fc1-29 inner-column-1\"><div class=\"kt-inside-inner-col\"><\/div><\/div>\n\n<\/div><\/div>\n\n<style>.kb-row-layout-id785_33bf0f-0b > .kt-row-column-wrap{align-content:start;}:where(.kb-row-layout-id785_33bf0f-0b > .kt-row-column-wrap) > .wp-block-kadence-column{justify-content:start;}.kb-row-layout-id785_33bf0f-0b > .kt-row-column-wrap{column-gap:var(--global-kb-gap-md, 2rem);row-gap:var(--global-kb-gap-md, 2rem);max-width:var( --global-content-width, 1290px );padding-left:var(--global-content-edge-padding);padding-right:var(--global-content-edge-padding);padding-top:23px;padding-right:20px;padding-bottom:60px;padding-left:20px;grid-template-columns:minmax(0, calc(45% - ((var(--global-kb-gap-md, 2rem) * 1 )\/2)))minmax(0, calc(55% - ((var(--global-kb-gap-md, 2rem) * 1 )\/2)));}.kb-row-layout-id785_33bf0f-0b{background-color:#000000;}.kb-row-layout-id785_33bf0f-0b > .kt-row-layout-overlay{opacity:0.85;background-color:var(--global-palette9, #ffffff);}.kb-row-layout-id785_33bf0f-0b ,.kb-row-layout-id785_33bf0f-0b h1,.kb-row-layout-id785_33bf0f-0b h2,.kb-row-layout-id785_33bf0f-0b h3,.kb-row-layout-id785_33bf0f-0b h4,.kb-row-layout-id785_33bf0f-0b h5,.kb-row-layout-id785_33bf0f-0b h6{color:var(--global-palette5, #4A5568);}@media all and (max-width: 1024px){.kb-row-layout-id785_33bf0f-0b > .kt-row-column-wrap{padding-top:60px;padding-right:150px;padding-bottom:60px;padding-left:150px;grid-template-columns:minmax(0, 1fr);}}@media all and (max-width: 767px){.kb-row-layout-id785_33bf0f-0b > .kt-row-column-wrap{padding-top:60px;padding-right:30px;padding-bottom:60px;padding-left:30px;grid-template-columns:minmax(0, 1fr);}}<\/style><div class=\"kb-row-layout-wrap kb-row-layout-id785_33bf0f-0b alignnone kt-row-has-bg wp-block-kadence-rowlayout\"><div class=\"kt-row-layout-overlay kt-row-overlay-normal\"><\/div><div class=\"kt-row-column-wrap kt-has-2-columns kt-row-layout-equal kt-tab-layout-row kt-mobile-layout-row kt-row-valign-top kb-theme-content-width\">\n<style>.kadence-column785_8e17a9-6a > .kt-inside-inner-col,.kadence-column785_8e17a9-6a > .kt-inside-inner-col:before{border-top-left-radius:0px;border-top-right-radius:0px;border-bottom-right-radius:0px;border-bottom-left-radius:0px;}.kadence-column785_8e17a9-6a > .kt-inside-inner-col{column-gap:var(--global-kb-gap-sm, 1rem);}.kadence-column785_8e17a9-6a > .kt-inside-inner-col{flex-direction:column;}.kadence-column785_8e17a9-6a > .kt-inside-inner-col > .aligncenter{width:100%;}.kadence-column785_8e17a9-6a > .kt-inside-inner-col:before{opacity:0.3;}.kadence-column785_8e17a9-6a{position:relative;}@media all and (max-width: 1024px){.kadence-column785_8e17a9-6a > .kt-inside-inner-col{flex-direction:column;justify-content:center;}}@media all and (max-width: 767px){.kadence-column785_8e17a9-6a > .kt-inside-inner-col{flex-direction:column;justify-content:center;}}<\/style>\n<div class=\"wp-block-kadence-column kadence-column785_8e17a9-6a inner-column-1\"><div class=\"kt-inside-inner-col\"><style>.wp-block-kadence-advancedheading.kt-adv-heading785_bfd276-d0, .wp-block-kadence-advancedheading.kt-adv-heading785_bfd276-d0[data-kb-block=\"kb-adv-heading785_bfd276-d0\"]{font-size:var(--global-kb-font-size-md, 1.25rem);font-style:normal;color:#ffffff;}.wp-block-kadence-advancedheading.kt-adv-heading785_bfd276-d0 mark.kt-highlight, .wp-block-kadence-advancedheading.kt-adv-heading785_bfd276-d0[data-kb-block=\"kb-adv-heading785_bfd276-d0\"] mark.kt-highlight{font-style:normal;color:#f76a0c;-webkit-box-decoration-break:clone;box-decoration-break:clone;padding-top:0px;padding-right:0px;padding-bottom:0px;padding-left:0px;}.wp-block-kadence-advancedheading.kt-adv-heading785_bfd276-d0 img.kb-inline-image, .wp-block-kadence-advancedheading.kt-adv-heading785_bfd276-d0[data-kb-block=\"kb-adv-heading785_bfd276-d0\"] img.kb-inline-image{width:150px;vertical-align:baseline;}@media all and (max-width: 1024px){.wp-block-kadence-advancedheading.kt-adv-heading785_bfd276-d0, .wp-block-kadence-advancedheading.kt-adv-heading785_bfd276-d0[data-kb-block=\"kb-adv-heading785_bfd276-d0\"]{text-align:center!important;}}@media all and (max-width: 767px){.wp-block-kadence-advancedheading.kt-adv-heading785_bfd276-d0, .wp-block-kadence-advancedheading.kt-adv-heading785_bfd276-d0[data-kb-block=\"kb-adv-heading785_bfd276-d0\"]{text-align:center!important;}}<\/style>\n<h6 class=\"kt-adv-heading785_bfd276-d0 wp-block-kadence-advancedheading\" data-kb-block=\"kb-adv-heading785_bfd276-d0\"><\/h6>\n\n\n\n<p class=\"has-theme-palette-3-color has-text-color has-link-color wp-elements-599ad641777013f6a67745daf429d58f\">Dra. Cris \u00e9 uma ginecologista especializada em menopausa, dedicada e experiente, com uma trajet\u00f3ria profissional marcada por excel\u00eancia e cuidado compassivo. Graduada em Medicina pela renomada Universidade Federal de Minas Gerais em 1991, prosseguiu sua forma\u00e7\u00e3o com resid\u00eancia em Ginecologia e Obstetr\u00edcia, consolidando sua expertise nesse campo t\u00e3o importante da medicina feminina.<\/p>\n\n\n\n<p class=\"has-theme-palette-3-color has-text-color has-link-color wp-elements-60d490a407ceeac273440d0c12324c3e\"><\/p>\n\n\n\n<p class=\"has-theme-palette-9-color has-text-color has-link-color wp-elements-50aa6ea06e0bfb9584b33bc9dd7ba70c\"><\/p>\n\n\n\n<div class=\"wp-block-columns is-layout-flex wp-container-core-columns-is-layout-9d6595d7 wp-block-columns-is-layout-flex\">\n<div class=\"wp-block-column is-layout-flow wp-block-column-is-layout-flow\" style=\"flex-basis:100%\"><style>.kb-google-maps-container785_980a6d-43{height:450px;}<\/style><div class=\"kb-google-maps-container kb-google-maps-container785_980a6d-43  wp-block-kadence-googlemaps\" data-mapid=\"785_980a6d43\"><iframe width=\"100%\" height=\"100%\"\n\t\t\t\t\t\t\tstyle=\"border:0\" loading=\"lazy\"\n\t\t\t\t\t\t\tsrc=\"https:\/\/www.google.com\/maps\/embed\/v1\/place?key=AIzaSyBAM2o7PiQqwk15LC1XRH2e_KJ-jUa7KYk&#038;zoom=17&#038;maptype=satellite&#038;q=Rua+Levindo+Lopes+333\"\n\t\t\t\t\t\t\ttitle=\"Google map of Rua Levindo Lopes 333\"><\/iframe><\/div><script>function kb_google_map785_980a6d43() { let center = { lat: 37.8201, lng: -122.4781}; let map = new google.maps.Map(document.getElementById(\"kb-google-map785_980a6d43\"), {\n\t\t\t\t\t    zoom: 17,\n\t\t\t\t\t    center: center,mapTypeId: \"satellite\",});let marker = new google.maps.Marker({   position: { lat: 37.8201, lng: -122.4781},    map: map,  });}<\/script><\/div>\n<\/div>\n\n\n\n<p>Possui o t\u00edtulo de Especializa\u00e7\u00e3o em Ginecologia e Obstetr\u00edcia (TEGO) e o Registro de Qualifica\u00e7\u00e3o T\u00e9cnica (RQE), e traz consigo um vasto conhecimento e habilidades espec\u00edficas para oferecer o melhor atendimento \u00e0s suas pacientes. Sua abordagem \u00e9 pautada em valores \u00e9ticos, priorizando um cuidado individualizado e emp\u00e1tico. Desde o primeiro contato, Dra. Cristina se dedica a ouvir atentamente cada cliente, compreendendo suas necessidades e preocupa\u00e7\u00f5es de forma integral.<\/p>\n<\/div><\/div>\n\n\n<style>.kadence-column785_b94bfd-9d > .kt-inside-inner-col,.kadence-column785_b94bfd-9d > .kt-inside-inner-col:before{border-top-left-radius:0px;border-top-right-radius:0px;border-bottom-right-radius:0px;border-bottom-left-radius:0px;}.kadence-column785_b94bfd-9d > .kt-inside-inner-col{column-gap:var(--global-kb-gap-sm, 1rem);}.kadence-column785_b94bfd-9d > .kt-inside-inner-col{flex-direction:column;}.kadence-column785_b94bfd-9d > .kt-inside-inner-col > .aligncenter{width:100%;}.kadence-column785_b94bfd-9d > .kt-inside-inner-col:before{opacity:0.3;}.kadence-column785_b94bfd-9d{position:relative;}@media all and (max-width: 1024px){.kadence-column785_b94bfd-9d > .kt-inside-inner-col{flex-direction:column;justify-content:center;}}@media all and (max-width: 767px){.kadence-column785_b94bfd-9d > .kt-inside-inner-col{flex-direction:column;justify-content:center;}}<\/style>\n<div class=\"wp-block-kadence-column kadence-column785_b94bfd-9d inner-column-2\"><div class=\"kt-inside-inner-col\">\n<p class=\"has-theme-palette-9-color has-text-color has-link-color wp-elements-50aa6ea06e0bfb9584b33bc9dd7ba70c\"><\/p>\n\n\n\n<p class=\"has-theme-palette-3-color has-text-color has-link-color wp-elements-e7112785db60600e60be2208e0b27da7\"><strong>Email:<\/strong> consultorio@dracrisgeo.com.br<\/p>\n\n\n\n<p class=\"has-theme-palette-3-color has-text-color has-link-color wp-elements-77ba96ca0e0f6fef605871ba066cfe87\">Rua Levindo Lopes 333 | Sala 208 | Funcion\u00e1rios &#8211; Belo Horizonte\/MG<\/p>\n\n\n\n<p class=\"has-text-align-center has-theme-palette-9-background-color has-background\"><img loading=\"lazy\" decoding=\"async\" width=\"400\" height=\"313\" class=\"wp-image-625\" style=\"width: 400px;\" src=\"http:\/\/dracrisgeo.com.br\/wp-content\/uploads\/2024\/03\/crisginefev22-124-e1711207397238.jpeg\" alt=\"\" srcset=\"https:\/\/dracrisgeo.com.br\/wp-content\/uploads\/2024\/03\/crisginefev22-124-e1711207397238.jpeg 1500w, https:\/\/dracrisgeo.com.br\/wp-content\/uploads\/2024\/03\/crisginefev22-124-e1711207397238-300x234.jpeg 300w, https:\/\/dracrisgeo.com.br\/wp-content\/uploads\/2024\/03\/crisginefev22-124-e1711207397238-1024x800.jpeg 1024w, https:\/\/dracrisgeo.com.br\/wp-content\/uploads\/2024\/03\/crisginefev22-124-e1711207397238-768x600.jpeg 768w\" sizes=\"auto, (max-width: 400px) 100vw, 400px\" \/><\/p>\n\n\n\n<p class=\"has-theme-palette-3-color has-text-color has-link-color wp-elements-0ff520b367fe6dbfb48366c5bfea9fa2\">Dra. Cris adota condutas baseadas em evid\u00eancias cient\u00edficas s\u00f3lidas, garantindo que cada paciente receba um tratamento personalizado e eficaz. Seu compromisso com a atualiza\u00e7\u00e3o constante e sua paix\u00e3o pela medicina garantem que suas pr\u00e1ticas estejam sempre alinhadas com os mais recentes avan\u00e7os e descobertas na \u00e1rea da ginecologia.<\/p>\n\n\n\n<p class=\"has-theme-palette-3-color has-text-color has-link-color wp-elements-40880439281d556d4fa931417142d882\">Com ela, as pacientes podem esperar um cuidado de qualidade, profissionalismo e respeito em todas as etapas de sua jornada de sa\u00fade feminina.<\/p>\n<\/div><\/div>\n\n<\/div><\/div>\n\n\n<p><\/p>\n","protected":false},"excerpt":{"rendered":"<p>Consult\u00f3rio Dra. Cris \u00e9 uma ginecologista especializada em menopausa, dedicada e experiente, com uma trajet\u00f3ria profissional marcada por excel\u00eancia e cuidado compassivo. Graduada em Medicina pela renomada Universidade Federal de Minas Gerais em 1991, prosseguiu sua forma\u00e7\u00e3o com resid\u00eancia em Ginecologia e Obstetr\u00edcia, consolidando sua expertise nesse campo t\u00e3o importante da medicina feminina. Possui o&#8230;<\/p>\n","protected":false},"author":1,"featured_media":0,"parent":0,"menu_order":0,"comment_status":"closed","ping_status":"closed","template":"","meta":{"_kadence_starter_templates_imported_post":true,"_kad_post_transparent":"","_kad_post_title":"hide","_kad_post_layout":"fullwidth","_kad_post_sidebar_id":"","_kad_post_content_style":"unboxed","_kad_post_vertical_padding":"hide","_kad_post_feature":"hide","_kad_post_feature_position":"","_kad_post_header":false,"_kad_post_footer":false,"footnotes":""},"class_list":["post-785","page","type-page","status-publish","hentry"],"acf":[],"_links":{"self":[{"href":"https:\/\/dracrisgeo.com.br\/index.php?rest_route=\/wp\/v2\/pages\/785","targetHints":{"allow":["GET"]}}],"collection":[{"href":"https:\/\/dracrisgeo.com.br\/index.php?rest_route=\/wp\/v2\/pages"}],"about":[{"href":"https:\/\/dracrisgeo.com.br\/index.php?rest_route=\/wp\/v2\/types\/page"}],"author":[{"embeddable":true,"href":"https:\/\/dracrisgeo.com.br\/index.php?rest_route=\/wp\/v2\/users\/1"}],"replies":[{"embeddable":true,"href":"https:\/\/dracrisgeo.com.br\/index.php?rest_route=%2Fwp%2Fv2%2Fcomments&post=785"}],"version-history":[{"count":41,"href":"https:\/\/dracrisgeo.com.br\/index.php?rest_route=\/wp\/v2\/pages\/785\/revisions"}],"predecessor-version":[{"id":1202,"href":"https:\/\/dracrisgeo.com.br\/index.php?rest_route=\/wp\/v2\/pages\/785\/revisions\/1202"}],"wp:attachment":[{"href":"https:\/\/dracrisgeo.com.br\/index.php?rest_route=%2Fwp%2Fv2%2Fmedia&parent=785"}],"curies":[{"name":"wp","href":"https:\/\/api.w.org\/{rel}","templated":true}]}}