{"id":498,"date":"2022-11-07T14:53:54","date_gmt":"2022-11-07T14:53:54","guid":{"rendered":"https:\/\/kadence.pixel-show.com\/influencer\/?page_id=15"},"modified":"2026-01-23T19:19:06","modified_gmt":"2026-01-23T22:19:06","slug":"about-me","status":"publish","type":"page","link":"https:\/\/dracrisgeo.com.br\/?page_id=498","title":{"rendered":"About Me"},"content":{"rendered":"<style>.kb-row-layout-id498_03386b-f7 > .kt-row-column-wrap{align-content:start;}:where(.kb-row-layout-id498_03386b-f7 > .kt-row-column-wrap) > .wp-block-kadence-column{justify-content:start;}.kb-row-layout-id498_03386b-f7 > .kt-row-column-wrap{column-gap:var(--global-kb-gap-md, 2rem);row-gap:var(--global-kb-gap-md, 2rem);max-width:var( --global-content-width, 1290px );padding-left:var(--global-content-edge-padding);padding-right:var(--global-content-edge-padding);padding-top:8px;padding-bottom:13px;grid-template-columns:minmax(0, 1fr);}.kb-row-layout-id498_03386b-f7 > .kt-row-layout-overlay{opacity:0.30;background-color:#7a8474;}@media all and (max-width: 1024px){.kb-row-layout-id498_03386b-f7 > .kt-row-column-wrap{padding-top:60px;grid-template-columns:minmax(0, 1fr);}}@media all and (max-width: 767px){.kb-row-layout-id498_03386b-f7 > .kt-row-column-wrap{grid-template-columns:minmax(0, 1fr);}}<\/style><div class=\"kb-row-layout-wrap kb-row-layout-id498_03386b-f7 alignnone kt-row-has-bg wp-block-kadence-rowlayout\"><div class=\"kt-row-layout-overlay kt-row-overlay-normal\"><\/div><div class=\"kt-row-column-wrap kt-has-1-columns kt-row-layout-equal kt-tab-layout-inherit kt-mobile-layout-row kt-row-valign-top kb-theme-content-width\">\n<style>.kadence-column498_dd4541-b0 > .kt-inside-inner-col,.kadence-column498_dd4541-b0 > .kt-inside-inner-col:before{border-top-left-radius:0px;border-top-right-radius:0px;border-bottom-right-radius:0px;border-bottom-left-radius:0px;}.kadence-column498_dd4541-b0 > .kt-inside-inner-col{column-gap:var(--global-kb-gap-sm, 1rem);}.kadence-column498_dd4541-b0 > .kt-inside-inner-col{flex-direction:column;}.kadence-column498_dd4541-b0 > .kt-inside-inner-col > .aligncenter{width:100%;}.kadence-column498_dd4541-b0 > .kt-inside-inner-col:before{opacity:0.3;}.kadence-column498_dd4541-b0{position:relative;}@media all and (max-width: 1024px){.kadence-column498_dd4541-b0 > .kt-inside-inner-col{flex-direction:column;justify-content:center;}}@media all and (max-width: 767px){.kadence-column498_dd4541-b0 > .kt-inside-inner-col{flex-direction:column;justify-content:center;}}<\/style>\n<div class=\"wp-block-kadence-column kadence-column498_dd4541-b0 inner-column-1\"><div class=\"kt-inside-inner-col\"><style>.kb-row-layout-id498_82332c-89 > .kt-row-column-wrap{align-content:start;}:where(.kb-row-layout-id498_82332c-89 > .kt-row-column-wrap) > .wp-block-kadence-column{justify-content:start;}.kb-row-layout-id498_82332c-89 > .kt-row-column-wrap{column-gap:var(--global-kb-gap-md, 2rem);row-gap:var(--global-kb-gap-md, 2rem);max-width:600px;margin-left:auto;margin-right:auto;padding-top:0px;padding-bottom:0px;grid-template-columns:minmax(0, 1fr);}.kb-row-layout-id498_82332c-89{background-color:#7a8474;}.kb-row-layout-id498_82332c-89 > .kt-row-layout-overlay{opacity:0.30;}@media all and (max-width: 1024px){.kb-row-layout-id498_82332c-89 > .kt-row-column-wrap{max-width:600px;margin-left:auto;margin-right:auto;grid-template-columns:minmax(0, 1fr);}}@media all and (max-width: 767px){.kb-row-layout-id498_82332c-89 > .kt-row-column-wrap{grid-template-columns:minmax(0, 1fr);}}<\/style><div class=\"kb-row-layout-wrap kb-row-layout-id498_82332c-89 alignnone kt-row-has-bg wp-block-kadence-rowlayout\"><div class=\"kt-row-column-wrap kt-has-1-columns kt-row-layout-equal kt-tab-layout-inherit kt-mobile-layout-row kt-row-valign-top\">\n<style>.kadence-column498_be09c7-29 > .kt-inside-inner-col,.kadence-column498_be09c7-29 > .kt-inside-inner-col:before{border-top-left-radius:0px;border-top-right-radius:0px;border-bottom-right-radius:0px;border-bottom-left-radius:0px;}.kadence-column498_be09c7-29 > .kt-inside-inner-col{column-gap:var(--global-kb-gap-sm, 1rem);}.kadence-column498_be09c7-29 > .kt-inside-inner-col{flex-direction:column;}.kadence-column498_be09c7-29 > .kt-inside-inner-col > .aligncenter{width:100%;}.kadence-column498_be09c7-29 > .kt-inside-inner-col:before{opacity:0.3;}.kadence-column498_be09c7-29{position:relative;}@media all and (max-width: 1024px){.kadence-column498_be09c7-29 > .kt-inside-inner-col{flex-direction:column;justify-content:center;}}@media all and (max-width: 767px){.kadence-column498_be09c7-29 > .kt-inside-inner-col{flex-direction:column;justify-content:center;}}<\/style>\n<div class=\"wp-block-kadence-column kadence-column498_be09c7-29 inner-column-1\"><div class=\"kt-inside-inner-col\"><style>.wp-block-kadence-advancedheading.kt-adv-heading498_a1ca7f-ca, .wp-block-kadence-advancedheading.kt-adv-heading498_a1ca7f-ca[data-kb-block=\"kb-adv-heading498_a1ca7f-ca\"]{margin-bottom:20px;text-align:center;font-size:50px;line-height:70px;font-style:normal;}.wp-block-kadence-advancedheading.kt-adv-heading498_a1ca7f-ca mark.kt-highlight, .wp-block-kadence-advancedheading.kt-adv-heading498_a1ca7f-ca[data-kb-block=\"kb-adv-heading498_a1ca7f-ca\"] mark.kt-highlight{font-style:normal;color:#f76a0c;-webkit-box-decoration-break:clone;box-decoration-break:clone;padding-top:0px;padding-right:0px;padding-bottom:0px;padding-left:0px;}.wp-block-kadence-advancedheading.kt-adv-heading498_a1ca7f-ca img.kb-inline-image, .wp-block-kadence-advancedheading.kt-adv-heading498_a1ca7f-ca[data-kb-block=\"kb-adv-heading498_a1ca7f-ca\"] img.kb-inline-image{width:150px;vertical-align:baseline;}@media all and (max-width: 1024px){.wp-block-kadence-advancedheading.kt-adv-heading498_a1ca7f-ca, .wp-block-kadence-advancedheading.kt-adv-heading498_a1ca7f-ca[data-kb-block=\"kb-adv-heading498_a1ca7f-ca\"]{font-size:55px;}}@media all and (max-width: 767px){.wp-block-kadence-advancedheading.kt-adv-heading498_a1ca7f-ca, .wp-block-kadence-advancedheading.kt-adv-heading498_a1ca7f-ca[data-kb-block=\"kb-adv-heading498_a1ca7f-ca\"]{font-size:45px;}}<\/style>\n<h1 class=\"kt-adv-heading498_a1ca7f-ca wp-block-kadence-advancedheading has-theme-palette-9-color has-text-color\" data-kb-block=\"kb-adv-heading498_a1ca7f-ca\">Conhe\u00e7a a Cris G\u00e9o al\u00e9m do consult\u00f3rio&#8230;<\/h1>\n\n\n<style>.wp-block-kadence-advancedheading.kt-adv-heading498_be9e73-ec, .wp-block-kadence-advancedheading.kt-adv-heading498_be9e73-ec[data-kb-block=\"kb-adv-heading498_be9e73-ec\"]{text-align:center;font-style:normal;}.wp-block-kadence-advancedheading.kt-adv-heading498_be9e73-ec mark.kt-highlight, .wp-block-kadence-advancedheading.kt-adv-heading498_be9e73-ec[data-kb-block=\"kb-adv-heading498_be9e73-ec\"] mark.kt-highlight{font-style:normal;color:#f76a0c;-webkit-box-decoration-break:clone;box-decoration-break:clone;padding-top:0px;padding-right:0px;padding-bottom:0px;padding-left:0px;}.wp-block-kadence-advancedheading.kt-adv-heading498_be9e73-ec img.kb-inline-image, .wp-block-kadence-advancedheading.kt-adv-heading498_be9e73-ec[data-kb-block=\"kb-adv-heading498_be9e73-ec\"] img.kb-inline-image{width:150px;vertical-align:baseline;}<\/style>\n<p class=\"kt-adv-heading498_be9e73-ec wp-block-kadence-advancedheading\" data-kb-block=\"kb-adv-heading498_be9e73-ec\"><\/p>\n<\/div><\/div>\n\n<\/div><\/div><\/div><\/div>\n\n<\/div><\/div>\n\n<style>.kb-row-layout-id498_8f8bf9-00 > .kt-row-column-wrap{align-content:start;}:where(.kb-row-layout-id498_8f8bf9-00 > .kt-row-column-wrap) > .wp-block-kadence-column{justify-content:start;}.kb-row-layout-id498_8f8bf9-00 > .kt-row-column-wrap{column-gap:var(--global-kb-gap-md, 2rem);row-gap:var(--global-kb-gap-md, 2rem);max-width:var( --global-content-width, 1290px );padding-left:var(--global-content-edge-padding);padding-right:var(--global-content-edge-padding);padding-top:80px;padding-right:20px;padding-bottom:19px;padding-left:20px;grid-template-columns:repeat(2, minmax(0, 1fr));}.kb-row-layout-id498_8f8bf9-00 > .kt-row-layout-overlay{opacity:0.30;}@media all and (max-width: 1024px){.kb-row-layout-id498_8f8bf9-00 > .kt-row-column-wrap{padding-top:60px;padding-right:150px;padding-bottom:60px;padding-left:150px;grid-template-columns:minmax(0, 1fr);}}@media all and (max-width: 767px){.kb-row-layout-id498_8f8bf9-00 > .kt-row-column-wrap{padding-top:60px;padding-right:30px;padding-bottom:60px;padding-left:30px;grid-template-columns:minmax(0, 1fr);}}<\/style><div class=\"kb-row-layout-wrap kb-row-layout-id498_8f8bf9-00 alignnone wp-block-kadence-rowlayout\"><div class=\"kt-row-column-wrap kt-has-2-columns kt-row-layout-equal kt-tab-layout-row kt-mobile-layout-row kt-row-valign-top kb-theme-content-width\">\n<style>.kadence-column498_2aace5-7f > .kt-inside-inner-col,.kadence-column498_2aace5-7f > .kt-inside-inner-col:before{border-top-left-radius:0px;border-top-right-radius:0px;border-bottom-right-radius:0px;border-bottom-left-radius:0px;}.kadence-column498_2aace5-7f > .kt-inside-inner-col{column-gap:var(--global-kb-gap-sm, 1rem);}.kadence-column498_2aace5-7f > .kt-inside-inner-col{flex-direction:column;}.kadence-column498_2aace5-7f > .kt-inside-inner-col > .aligncenter{width:100%;}.kadence-column498_2aace5-7f > .kt-inside-inner-col:before{opacity:0.3;}.kadence-column498_2aace5-7f{position:relative;}.kadence-column498_2aace5-7f, .kt-inside-inner-col > .kadence-column498_2aace5-7f:not(.specificity){margin-right:0px;}@media all and (max-width: 1024px){.kadence-column498_2aace5-7f > .kt-inside-inner-col{flex-direction:column;justify-content:center;}}@media all and (max-width: 767px){.kadence-column498_2aace5-7f > .kt-inside-inner-col{flex-direction:column;justify-content:center;}}<\/style>\n<div class=\"wp-block-kadence-column kadence-column498_2aace5-7f inner-column-1\"><div class=\"kt-inside-inner-col\"><style>.wp-block-kadence-advancedheading.kt-adv-heading498_cea949-68, .wp-block-kadence-advancedheading.kt-adv-heading498_cea949-68[data-kb-block=\"kb-adv-heading498_cea949-68\"]{font-style:normal;}.wp-block-kadence-advancedheading.kt-adv-heading498_cea949-68 mark.kt-highlight, .wp-block-kadence-advancedheading.kt-adv-heading498_cea949-68[data-kb-block=\"kb-adv-heading498_cea949-68\"] mark.kt-highlight{font-style:normal;color:#f76a0c;-webkit-box-decoration-break:clone;box-decoration-break:clone;padding-top:0px;padding-right:0px;padding-bottom:0px;padding-left:0px;}.wp-block-kadence-advancedheading.kt-adv-heading498_cea949-68 img.kb-inline-image, .wp-block-kadence-advancedheading.kt-adv-heading498_cea949-68[data-kb-block=\"kb-adv-heading498_cea949-68\"] img.kb-inline-image{width:150px;vertical-align:baseline;}@media all and (max-width: 1024px){.wp-block-kadence-advancedheading.kt-adv-heading498_cea949-68, .wp-block-kadence-advancedheading.kt-adv-heading498_cea949-68[data-kb-block=\"kb-adv-heading498_cea949-68\"]{text-align:center!important;}}@media all and (max-width: 767px){.wp-block-kadence-advancedheading.kt-adv-heading498_cea949-68, .wp-block-kadence-advancedheading.kt-adv-heading498_cea949-68[data-kb-block=\"kb-adv-heading498_cea949-68\"]{text-align:center!important;}}<\/style>\n<h2 class=\"kt-adv-heading498_cea949-68 wp-block-kadence-advancedheading\" data-kb-block=\"kb-adv-heading498_cea949-68\">Cristina G\u00e9o Ver\u00e7oza<\/h2>\n\n\n\n<p>Ol\u00e1! Sou a Cris G\u00e9o, uma apaixonada pela vida, pela arte e pela jornada da sa\u00fade feminina. Embora minha carreira como ginecologista seja uma parte essencial de quem sou, h\u00e1 muito mais al\u00e9m das consultas e dos exames.<\/p>\n\n\n\n<p>Fora dos consult\u00f3rios, sou uma m\u00e3e orgulhosa de dois filhos adultos que s\u00e3o a luz da minha vida. Minha dedica\u00e7\u00e3o \u00e0 minha fam\u00edlia \u00e9 o que me inspira e me motiva todos os dias.<\/p>\n\n\n\n<p>Al\u00e9m disso, sou m\u00e3e de dois pets ador\u00e1veis que enchem minha casa de alegria e travessuras. Como amante dos animais, encontrei na companhia deles uma fonte inestim\u00e1vel de conforto e amor.<\/p>\n\n\n\n<p>Minha paix\u00e3o pela organiza\u00e7\u00e3o e pela efici\u00eancia me levou a buscar um MBA em Gest\u00e3o de Sa\u00fade, uma jornada que ampliou minha vis\u00e3o sobre como oferecer o melhor cuidado poss\u00edvel \u00e0s minhas pacientes.<\/p>\n\n\n\n<p>Mas minha vida n\u00e3o \u00e9 apenas medicina e gest\u00e3o. Sou uma taurina de cora\u00e7\u00e3o, apaixonada por viagens que me permitem explorar novas culturas, sabores e paisagens. Sempre encontro inspira\u00e7\u00e3o nas artes, seja fotografando momentos preciosos, experimentando aquarela ou mergulhando na pintura de quadros com diversas t\u00e9cnicas.<\/p>\n\n\n\n<p>Com um gosto apurado e uma sensibilidade exacerbada, encontrei na minha jornada art\u00edstica e nos meus hobbies uma maneira de me conectar mais profundamente com o mundo ao meu redor. Essa sensibilidade \u00e9 o que me capacita a ouvir e entender melhor as minhas clientes, permitindo-me oferecer um cuidado mais emp\u00e1tico e personalizado.<\/p>\n\n\n\n<p>Sempre em uma jornada de aprendizado cont\u00ednuo, atualmente estou cursando uma especializa\u00e7\u00e3o em Terapia Sist\u00eamica Familiar. Acredito que essa nova perspectiva ir\u00e1 enriquecer ainda mais a maneira como acolho e apoio minhas pacientes e suas fam\u00edlias.<\/p>\n\n\n\n<p><\/p>\n<\/div><\/div>\n\n\n<style>.kadence-column498_37d7cc-65 > .kt-inside-inner-col,.kadence-column498_37d7cc-65 > .kt-inside-inner-col:before{border-top-left-radius:0px;border-top-right-radius:0px;border-bottom-right-radius:0px;border-bottom-left-radius:0px;}.kadence-column498_37d7cc-65 > .kt-inside-inner-col{column-gap:var(--global-kb-gap-sm, 1rem);}.kadence-column498_37d7cc-65 > .kt-inside-inner-col{flex-direction:column;}.kadence-column498_37d7cc-65 > .kt-inside-inner-col > .aligncenter{width:100%;}.kadence-column498_37d7cc-65 > .kt-inside-inner-col:before{opacity:0.3;}.kadence-column498_37d7cc-65{position:relative;}.kadence-column498_37d7cc-65, .kt-inside-inner-col > .kadence-column498_37d7cc-65:not(.specificity){margin-left:60px;}@media all and (max-width: 1024px){.kadence-column498_37d7cc-65 > .kt-inside-inner-col{flex-direction:column;justify-content:center;}}@media all and (max-width: 1024px){.kadence-column498_37d7cc-65, .kt-inside-inner-col > .kadence-column498_37d7cc-65:not(.specificity){margin-top:0px;margin-right:0px;margin-bottom:0px;margin-left:0px;}}@media all and (max-width: 767px){.kadence-column498_37d7cc-65 > .kt-inside-inner-col{flex-direction:column;justify-content:center;}.kadence-column498_37d7cc-65, .kt-inside-inner-col > .kadence-column498_37d7cc-65:not(.specificity){margin-top:0px;margin-right:0px;margin-bottom:0px;margin-left:0px;}}<\/style>\n<div class=\"wp-block-kadence-column kadence-column498_37d7cc-65 inner-column-2\"><div class=\"kt-inside-inner-col\"><style>.kb-row-layout-id498_1c33f5-95 > .kt-row-column-wrap{align-content:start;}:where(.kb-row-layout-id498_1c33f5-95 > .kt-row-column-wrap) > .wp-block-kadence-column{justify-content:start;}.kb-row-layout-id498_1c33f5-95 > .kt-row-column-wrap{column-gap:var(--global-kb-gap-md, 2rem);row-gap:var(--global-kb-gap-md, 2rem);padding-top:0px;padding-bottom:0px;grid-template-columns:minmax(0, 1fr);}.kb-row-layout-id498_1c33f5-95 > .kt-row-layout-overlay{opacity:0.30;}@media all and (max-width: 1024px){.kb-row-layout-id498_1c33f5-95 > .kt-row-column-wrap{grid-template-columns:minmax(0, 1fr);}}@media all and (max-width: 767px){.kb-row-layout-id498_1c33f5-95 > .kt-row-column-wrap{grid-template-columns:minmax(0, 1fr);}}<\/style><div class=\"kb-row-layout-wrap kb-row-layout-id498_1c33f5-95 alignnone wp-block-kadence-rowlayout\"><div class=\"kt-row-column-wrap kt-has-1-columns kt-row-layout-equal kt-tab-layout-inherit kt-mobile-layout-row kt-row-valign-top\">\n<style>.kadence-column498_4afa1b-69 > .kt-inside-inner-col{padding-top:60px;padding-right:60px;padding-bottom:60px;padding-left:60px;}.kadence-column498_4afa1b-69 > .kt-inside-inner-col,.kadence-column498_4afa1b-69 > .kt-inside-inner-col:before{border-top-left-radius:0px;border-top-right-radius:0px;border-bottom-right-radius:80px;border-bottom-left-radius:0px;}.kadence-column498_4afa1b-69 > .kt-inside-inner-col{column-gap:var(--global-kb-gap-sm, 1rem);}.kadence-column498_4afa1b-69 > .kt-inside-inner-col{flex-direction:column;}.kadence-column498_4afa1b-69 > .kt-inside-inner-col > .aligncenter{width:100%;}.kadence-column498_4afa1b-69 > .kt-inside-inner-col{background-color:#cac5bc;}.kadence-column498_4afa1b-69 > .kt-inside-inner-col:before{opacity:0.3;}.kadence-column498_4afa1b-69{position:relative;}@media all and (max-width: 1024px){.kadence-column498_4afa1b-69 > .kt-inside-inner-col{flex-direction:column;justify-content:center;}}@media all and (max-width: 767px){.kadence-column498_4afa1b-69 > .kt-inside-inner-col{padding-top:30px;padding-right:20px;padding-bottom:20px;padding-left:20px;flex-direction:column;justify-content:center;}.kadence-column498_4afa1b-69, .kt-inside-inner-col > .kadence-column498_4afa1b-69:not(.specificity){margin-top:0px;margin-right:0px;margin-bottom:0px;margin-left:0px;}}<\/style>\n<div class=\"wp-block-kadence-column kadence-column498_4afa1b-69 inner-column-1\"><div class=\"kt-inside-inner-col\"><style>.kb-image498_880031-3c.kb-image-is-ratio-size, .kb-image498_880031-3c .kb-image-is-ratio-size{max-width:282px;width:100%;}.wp-block-kadence-column > .kt-inside-inner-col > .kb-image498_880031-3c.kb-image-is-ratio-size, .wp-block-kadence-column > .kt-inside-inner-col > .kb-image498_880031-3c .kb-image-is-ratio-size{align-self:unset;}.kb-image498_880031-3c figure{max-width:282px;}.kb-image498_880031-3c .image-is-svg, .kb-image498_880031-3c .image-is-svg img{width:100%;}.kb-image498_880031-3c .kb-image-has-overlay:after{opacity:0.3;border-top-left-radius:100px;border-top-right-radius:100px;border-bottom-right-radius:100px;border-bottom-left-radius:100px;}.kb-image498_880031-3c img.kb-img, .kb-image498_880031-3c .kb-img img{border-top-left-radius:100px;border-top-right-radius:100px;border-bottom-right-radius:100px;border-bottom-left-radius:100px;box-shadow:0px 0px 0px 0px #282a28;}<\/style>\n<div class=\"wp-block-kadence-image kb-image498_880031-3c\"><figure class=\"aligncenter size-large\"><img loading=\"lazy\" decoding=\"async\" width=\"1024\" height=\"768\" src=\"http:\/\/dracrisgeo.com.br\/wp-content\/uploads\/2024\/04\/IMG_6767-1024x768.jpeg\" alt=\"\" class=\"kb-img wp-image-1007\" srcset=\"https:\/\/dracrisgeo.com.br\/wp-content\/uploads\/2024\/04\/IMG_6767-1024x768.jpeg 1024w, https:\/\/dracrisgeo.com.br\/wp-content\/uploads\/2024\/04\/IMG_6767-300x225.jpeg 300w, https:\/\/dracrisgeo.com.br\/wp-content\/uploads\/2024\/04\/IMG_6767-768x576.jpeg 768w, https:\/\/dracrisgeo.com.br\/wp-content\/uploads\/2024\/04\/IMG_6767.jpeg 1280w\" sizes=\"auto, (max-width: 1024px) 100vw, 1024px\" \/><\/figure><\/div>\n\n\n<style>.wp-block-kadence-advancedheading.kt-adv-heading498_e91ebd-f6, .wp-block-kadence-advancedheading.kt-adv-heading498_e91ebd-f6[data-kb-block=\"kb-adv-heading498_e91ebd-f6\"]{text-align:center;font-style:normal;}.wp-block-kadence-advancedheading.kt-adv-heading498_e91ebd-f6 mark.kt-highlight, .wp-block-kadence-advancedheading.kt-adv-heading498_e91ebd-f6[data-kb-block=\"kb-adv-heading498_e91ebd-f6\"] mark.kt-highlight{font-style:normal;color:#f76a0c;-webkit-box-decoration-break:clone;box-decoration-break:clone;padding-top:0px;padding-right:0px;padding-bottom:0px;padding-left:0px;}.wp-block-kadence-advancedheading.kt-adv-heading498_e91ebd-f6 img.kb-inline-image, .wp-block-kadence-advancedheading.kt-adv-heading498_e91ebd-f6[data-kb-block=\"kb-adv-heading498_e91ebd-f6\"] img.kb-inline-image{width:150px;vertical-align:baseline;}<\/style>\n<h6 class=\"kt-adv-heading498_e91ebd-f6 wp-block-kadence-advancedheading\" data-kb-block=\"kb-adv-heading498_e91ebd-f6\"><em>Dra Cristina G\u00e9o<\/em><\/h6>\n\n\n<style>.wp-block-kadence-advancedheading.kt-adv-heading498_3fa93f-c5, .wp-block-kadence-advancedheading.kt-adv-heading498_3fa93f-c5[data-kb-block=\"kb-adv-heading498_3fa93f-c5\"]{margin-top:20px;margin-bottom:20px;text-align:center;font-size:30px;font-style:normal;}.wp-block-kadence-advancedheading.kt-adv-heading498_3fa93f-c5 mark.kt-highlight, .wp-block-kadence-advancedheading.kt-adv-heading498_3fa93f-c5[data-kb-block=\"kb-adv-heading498_3fa93f-c5\"] mark.kt-highlight{font-style:normal;color:#f76a0c;-webkit-box-decoration-break:clone;box-decoration-break:clone;padding-top:0px;padding-right:0px;padding-bottom:0px;padding-left:0px;}.wp-block-kadence-advancedheading.kt-adv-heading498_3fa93f-c5 img.kb-inline-image, .wp-block-kadence-advancedheading.kt-adv-heading498_3fa93f-c5[data-kb-block=\"kb-adv-heading498_3fa93f-c5\"] img.kb-inline-image{width:150px;vertical-align:baseline;}<\/style>\n<h3 class=\"kt-adv-heading498_3fa93f-c5 wp-block-kadence-advancedheading\" data-kb-block=\"kb-adv-heading498_3fa93f-c5\">Ginecologia<\/h3>\n\n\n<style>.wp-block-kadence-advancedheading.kt-adv-heading498_7eb087-51, .wp-block-kadence-advancedheading.kt-adv-heading498_7eb087-51[data-kb-block=\"kb-adv-heading498_7eb087-51\"]{text-align:center;font-style:normal;}.wp-block-kadence-advancedheading.kt-adv-heading498_7eb087-51 mark.kt-highlight, .wp-block-kadence-advancedheading.kt-adv-heading498_7eb087-51[data-kb-block=\"kb-adv-heading498_7eb087-51\"] mark.kt-highlight{font-style:normal;color:#f76a0c;-webkit-box-decoration-break:clone;box-decoration-break:clone;padding-top:0px;padding-right:0px;padding-bottom:0px;padding-left:0px;}.wp-block-kadence-advancedheading.kt-adv-heading498_7eb087-51 img.kb-inline-image, .wp-block-kadence-advancedheading.kt-adv-heading498_7eb087-51[data-kb-block=\"kb-adv-heading498_7eb087-51\"] img.kb-inline-image{width:150px;vertical-align:baseline;}<\/style>\n<p class=\"kt-adv-heading498_7eb087-51 wp-block-kadence-advancedheading\" data-kb-block=\"kb-adv-heading498_7eb087-51\">&nbsp;Estou comprometida em ser n\u00e3o apenas uma m\u00e9dica, mas tamb\u00e9m uma parceira de confian\u00e7a em sua jornada de sa\u00fade e bem-estar. Estou ansiosa para conhec\u00ea-la e caminhar ao seu lado nesta jornada extraordin\u00e1ria da vida.<\/p>\n\n\n\n<p>Com carinho, <\/p>\n\n\n<style>.kb-image498_c5e6a0-96.kb-image-is-ratio-size, .kb-image498_c5e6a0-96 .kb-image-is-ratio-size{max-width:341px;width:100%;}.wp-block-kadence-column > .kt-inside-inner-col > .kb-image498_c5e6a0-96.kb-image-is-ratio-size, .wp-block-kadence-column > .kt-inside-inner-col > .kb-image498_c5e6a0-96 .kb-image-is-ratio-size{align-self:unset;}.kb-image498_c5e6a0-96 figure{max-width:341px;}.kb-image498_c5e6a0-96 .image-is-svg, .kb-image498_c5e6a0-96 .image-is-svg img{width:100%;}.kb-image498_c5e6a0-96 .kb-image-has-overlay:after{opacity:0.3;}<\/style>\n<div class=\"wp-block-kadence-image kb-image498_c5e6a0-96\"><figure class=\"aligncenter size-full\"><img loading=\"lazy\" decoding=\"async\" width=\"622\" height=\"150\" src=\"http:\/\/dracrisgeo.com.br\/wp-content\/uploads\/2024\/05\/assina.png\" alt=\"\" class=\"kb-img wp-image-1032\" srcset=\"https:\/\/dracrisgeo.com.br\/wp-content\/uploads\/2024\/05\/assina.png 622w, https:\/\/dracrisgeo.com.br\/wp-content\/uploads\/2024\/05\/assina-300x72.png 300w\" sizes=\"auto, (max-width: 622px) 100vw, 622px\" \/><\/figure><\/div>\n<\/div><\/div>\n\n<\/div><\/div><\/div><\/div>\n\n<\/div><\/div>\n\n<style>.kb-row-layout-id498_e35240-4e > .kt-row-column-wrap{align-content:start;}:where(.kb-row-layout-id498_e35240-4e > .kt-row-column-wrap) > .wp-block-kadence-column{justify-content:start;}.kb-row-layout-id498_e35240-4e > .kt-row-column-wrap{column-gap:var(--global-kb-gap-md, 2rem);row-gap:var(--global-kb-gap-md, 2rem);max-width:var( --global-content-width, 1290px );padding-left:var(--global-content-edge-padding);padding-right:var(--global-content-edge-padding);padding-top:10px;padding-right:20px;padding-bottom:18px;padding-left:20px;grid-template-columns:minmax(0, 1fr);}.kb-row-layout-id498_e35240-4e{background-color:#414740;}.kb-row-layout-id498_e35240-4e > .kt-row-layout-overlay{opacity:0.30;}@media all and (max-width: 1024px){.kb-row-layout-id498_e35240-4e > .kt-row-column-wrap{padding-top:60px;padding-right:150px;padding-bottom:60px;padding-left:150px;grid-template-columns:minmax(0, 1fr);}}@media all and (max-width: 767px){.kb-row-layout-id498_e35240-4e > .kt-row-column-wrap{padding-top:40px;padding-right:30px;padding-bottom:40px;padding-left:30px;grid-template-columns:minmax(0, 1fr);}}<\/style><div class=\"kb-row-layout-wrap kb-row-layout-id498_e35240-4e alignnone kt-row-has-bg wp-block-kadence-rowlayout\"><div class=\"kt-row-column-wrap kt-has-1-columns kt-row-layout-equal kt-tab-layout-inherit kt-mobile-layout-row kt-row-valign-top kb-theme-content-width\">\n<style>.kadence-column498_9c186b-40 > .kt-inside-inner-col,.kadence-column498_9c186b-40 > .kt-inside-inner-col:before{border-top-left-radius:0px;border-top-right-radius:0px;border-bottom-right-radius:0px;border-bottom-left-radius:0px;}.kadence-column498_9c186b-40 > .kt-inside-inner-col{column-gap:var(--global-kb-gap-sm, 1rem);}.kadence-column498_9c186b-40 > .kt-inside-inner-col{flex-direction:column;}.kadence-column498_9c186b-40 > .kt-inside-inner-col > .aligncenter{width:100%;}.kadence-column498_9c186b-40 > .kt-inside-inner-col:before{opacity:0.3;}.kadence-column498_9c186b-40{position:relative;}@media all and (max-width: 1024px){.kadence-column498_9c186b-40 > .kt-inside-inner-col{flex-direction:column;justify-content:center;}}@media all and (max-width: 767px){.kadence-column498_9c186b-40 > .kt-inside-inner-col{flex-direction:column;justify-content:center;}}<\/style>\n<div class=\"wp-block-kadence-column kadence-column498_9c186b-40\"><div class=\"kt-inside-inner-col\"><\/div><\/div>\n\n<\/div><\/div>\n\n\n<p><\/p>\n","protected":false},"excerpt":{"rendered":"<p>Conhe\u00e7a a Cris G\u00e9o al\u00e9m do consult\u00f3rio&#8230; Cristina G\u00e9o Ver\u00e7oza Ol\u00e1! Sou a Cris G\u00e9o, uma apaixonada pela vida, pela arte e pela jornada da sa\u00fade feminina. Embora minha carreira como ginecologista seja uma parte essencial de quem sou, h\u00e1 muito mais al\u00e9m das consultas e dos exames. Fora dos consult\u00f3rios, sou uma m\u00e3e orgulhosa&#8230;<\/p>\n","protected":false},"author":1,"featured_media":0,"parent":0,"menu_order":0,"comment_status":"closed","ping_status":"closed","template":"","meta":{"_kadence_starter_templates_imported_post":true,"_kad_post_transparent":"","_kad_post_title":"hide","_kad_post_layout":"fullwidth","_kad_post_sidebar_id":"","_kad_post_content_style":"unboxed","_kad_post_vertical_padding":"hide","_kad_post_feature":"hide","_kad_post_feature_position":"","_kad_post_header":false,"_kad_post_footer":false,"footnotes":""},"class_list":["post-498","page","type-page","status-publish","hentry"],"acf":[],"_links":{"self":[{"href":"https:\/\/dracrisgeo.com.br\/index.php?rest_route=\/wp\/v2\/pages\/498","targetHints":{"allow":["GET"]}}],"collection":[{"href":"https:\/\/dracrisgeo.com.br\/index.php?rest_route=\/wp\/v2\/pages"}],"about":[{"href":"https:\/\/dracrisgeo.com.br\/index.php?rest_route=\/wp\/v2\/types\/page"}],"author":[{"embeddable":true,"href":"https:\/\/dracrisgeo.com.br\/index.php?rest_route=\/wp\/v2\/users\/1"}],"replies":[{"embeddable":true,"href":"https:\/\/dracrisgeo.com.br\/index.php?rest_route=%2Fwp%2Fv2%2Fcomments&post=498"}],"version-history":[{"count":28,"href":"https:\/\/dracrisgeo.com.br\/index.php?rest_route=\/wp\/v2\/pages\/498\/revisions"}],"predecessor-version":[{"id":1221,"href":"https:\/\/dracrisgeo.com.br\/index.php?rest_route=\/wp\/v2\/pages\/498\/revisions\/1221"}],"wp:attachment":[{"href":"https:\/\/dracrisgeo.com.br\/index.php?rest_route=%2Fwp%2Fv2%2Fmedia&parent=498"}],"curies":[{"name":"wp","href":"https:\/\/api.w.org\/{rel}","templated":true}]}}