{"id":1065,"date":"2025-10-27T14:43:02","date_gmt":"2025-10-27T17:43:02","guid":{"rendered":"https:\/\/dracrisgeo.com.br\/?page_id=1065"},"modified":"2025-10-28T15:11:38","modified_gmt":"2025-10-28T18:11:38","slug":"paginablog","status":"publish","type":"page","link":"https:\/\/dracrisgeo.com.br\/?page_id=1065","title":{"rendered":"PaginaBlog"},"content":{"rendered":"<style>.kb-row-layout-id1065_354650-c7 > .kt-row-column-wrap{align-content:start;}:where(.kb-row-layout-id1065_354650-c7 > .kt-row-column-wrap) > .wp-block-kadence-column{justify-content:start;}.kb-row-layout-id1065_354650-c7 > .kt-row-column-wrap{column-gap:var(--global-kb-gap-md, 2rem);row-gap:var(--global-kb-gap-md, 2rem);max-width:var( --global-content-width, 1290px );padding-left:var(--global-content-edge-padding);padding-right:var(--global-content-edge-padding);padding-top:24px;padding-bottom:10px;grid-template-columns:minmax(0, 1fr);}.kb-row-layout-id1065_354650-c7{background-color:#7a8474;}.kb-row-layout-id1065_354650-c7 > .kt-row-layout-overlay{opacity:0.30;}@media all and (max-width: 1024px){.kb-row-layout-id1065_354650-c7 > .kt-row-column-wrap{padding-top:60px;grid-template-columns:minmax(0, 1fr);}}@media all and (max-width: 767px){.kb-row-layout-id1065_354650-c7 > .kt-row-column-wrap{grid-template-columns:minmax(0, 1fr);}}<\/style><div class=\"kb-row-layout-wrap kb-row-layout-id1065_354650-c7 alignnone kt-row-has-bg wp-block-kadence-rowlayout\"><div class=\"kt-row-column-wrap kt-has-1-columns kt-row-layout-equal kt-tab-layout-inherit kt-mobile-layout-row kt-row-valign-top kb-theme-content-width\">\n<style>.kadence-column1065_752bc2-bd > .kt-inside-inner-col,.kadence-column1065_752bc2-bd > .kt-inside-inner-col:before{border-top-left-radius:0px;border-top-right-radius:0px;border-bottom-right-radius:0px;border-bottom-left-radius:0px;}.kadence-column1065_752bc2-bd > .kt-inside-inner-col{column-gap:var(--global-kb-gap-sm, 1rem);}.kadence-column1065_752bc2-bd > .kt-inside-inner-col{flex-direction:column;}.kadence-column1065_752bc2-bd > .kt-inside-inner-col > .aligncenter{width:100%;}.kadence-column1065_752bc2-bd > .kt-inside-inner-col:before{opacity:0.3;}.kadence-column1065_752bc2-bd{position:relative;}@media all and (max-width: 1024px){.kadence-column1065_752bc2-bd > .kt-inside-inner-col{flex-direction:column;justify-content:center;}}@media all and (max-width: 767px){.kadence-column1065_752bc2-bd > .kt-inside-inner-col{flex-direction:column;justify-content:center;}}<\/style>\n<div class=\"wp-block-kadence-column kadence-column1065_752bc2-bd inner-column-1\"><div class=\"kt-inside-inner-col\"><style>.kb-row-layout-id1065_3c0083-69 > .kt-row-column-wrap{align-content:start;}:where(.kb-row-layout-id1065_3c0083-69 > .kt-row-column-wrap) > .wp-block-kadence-column{justify-content:start;}.kb-row-layout-id1065_3c0083-69 > .kt-row-column-wrap{column-gap:var(--global-kb-gap-md, 2rem);row-gap:var(--global-kb-gap-md, 2rem);max-width:600px;margin-left:auto;margin-right:auto;padding-top:0px;padding-bottom:0px;grid-template-columns:minmax(0, 1fr);}.kb-row-layout-id1065_3c0083-69 > .kt-row-layout-overlay{opacity:0.30;}@media all and (max-width: 1024px){.kb-row-layout-id1065_3c0083-69 > .kt-row-column-wrap{max-width:600px;margin-left:auto;margin-right:auto;grid-template-columns:minmax(0, 1fr);}}@media all and (max-width: 767px){.kb-row-layout-id1065_3c0083-69 > .kt-row-column-wrap{grid-template-columns:minmax(0, 1fr);}}<\/style><div class=\"kb-row-layout-wrap kb-row-layout-id1065_3c0083-69 alignnone wp-block-kadence-rowlayout\"><div class=\"kt-row-column-wrap kt-has-1-columns kt-row-layout-equal kt-tab-layout-inherit kt-mobile-layout-row kt-row-valign-top\">\n<style>.kadence-column1065_feec1a-34 > .kt-inside-inner-col,.kadence-column1065_feec1a-34 > .kt-inside-inner-col:before{border-top-left-radius:0px;border-top-right-radius:0px;border-bottom-right-radius:0px;border-bottom-left-radius:0px;}.kadence-column1065_feec1a-34 > .kt-inside-inner-col{column-gap:var(--global-kb-gap-sm, 1rem);}.kadence-column1065_feec1a-34 > .kt-inside-inner-col{flex-direction:column;}.kadence-column1065_feec1a-34 > .kt-inside-inner-col > .aligncenter{width:100%;}.kadence-column1065_feec1a-34 > .kt-inside-inner-col:before{opacity:0.3;}.kadence-column1065_feec1a-34{position:relative;}@media all and (max-width: 1024px){.kadence-column1065_feec1a-34 > .kt-inside-inner-col{flex-direction:column;justify-content:center;}}@media all and (max-width: 767px){.kadence-column1065_feec1a-34 > .kt-inside-inner-col{flex-direction:column;justify-content:center;}}<\/style>\n<div class=\"wp-block-kadence-column kadence-column1065_feec1a-34 inner-column-1\"><div class=\"kt-inside-inner-col\"><style>.wp-block-kadence-advancedheading.kt-adv-heading1065_a85651-9c, .wp-block-kadence-advancedheading.kt-adv-heading1065_a85651-9c[data-kb-block=\"kb-adv-heading1065_a85651-9c\"]{margin-bottom:20px;text-align:center;font-size:70px;line-height:70px;font-style:normal;}.wp-block-kadence-advancedheading.kt-adv-heading1065_a85651-9c mark.kt-highlight, .wp-block-kadence-advancedheading.kt-adv-heading1065_a85651-9c[data-kb-block=\"kb-adv-heading1065_a85651-9c\"] mark.kt-highlight{font-style:normal;color:#f76a0c;-webkit-box-decoration-break:clone;box-decoration-break:clone;padding-top:0px;padding-right:0px;padding-bottom:0px;padding-left:0px;}.wp-block-kadence-advancedheading.kt-adv-heading1065_a85651-9c img.kb-inline-image, .wp-block-kadence-advancedheading.kt-adv-heading1065_a85651-9c[data-kb-block=\"kb-adv-heading1065_a85651-9c\"] img.kb-inline-image{width:150px;vertical-align:baseline;}@media all and (max-width: 1024px){.wp-block-kadence-advancedheading.kt-adv-heading1065_a85651-9c, .wp-block-kadence-advancedheading.kt-adv-heading1065_a85651-9c[data-kb-block=\"kb-adv-heading1065_a85651-9c\"]{font-size:55px;}}@media all and (max-width: 767px){.wp-block-kadence-advancedheading.kt-adv-heading1065_a85651-9c, .wp-block-kadence-advancedheading.kt-adv-heading1065_a85651-9c[data-kb-block=\"kb-adv-heading1065_a85651-9c\"]{font-size:45px;}}<\/style>\n<h2 class=\"kt-adv-heading1065_a85651-9c wp-block-kadence-advancedheading has-theme-palette-7-color has-text-color\" data-kb-block=\"kb-adv-heading1065_a85651-9c\"> Blog<\/h2>\n\n\n<style>.wp-block-kadence-advancedheading.kt-adv-heading1065_f86827-39, .wp-block-kadence-advancedheading.kt-adv-heading1065_f86827-39[data-kb-block=\"kb-adv-heading1065_f86827-39\"]{text-align:center;font-style:normal;}.wp-block-kadence-advancedheading.kt-adv-heading1065_f86827-39 mark.kt-highlight, .wp-block-kadence-advancedheading.kt-adv-heading1065_f86827-39[data-kb-block=\"kb-adv-heading1065_f86827-39\"] mark.kt-highlight{font-style:normal;color:#f76a0c;-webkit-box-decoration-break:clone;box-decoration-break:clone;padding-top:0px;padding-right:0px;padding-bottom:0px;padding-left:0px;}.wp-block-kadence-advancedheading.kt-adv-heading1065_f86827-39 img.kb-inline-image, .wp-block-kadence-advancedheading.kt-adv-heading1065_f86827-39[data-kb-block=\"kb-adv-heading1065_f86827-39\"] img.kb-inline-image{width:150px;vertical-align:baseline;}<\/style>\n<p class=\"kt-adv-heading1065_f86827-39 wp-block-kadence-advancedheading has-theme-palette-9-color has-text-color\" data-kb-block=\"kb-adv-heading1065_f86827-39\">Neste espa\u00e7o, compartilho informa\u00e7\u00f5es, novidades e reflex\u00f5es sobre sa\u00fade feminina, ginecologia e bem-estar.<br>Meu objetivo \u00e9 oferecer conte\u00fado confi\u00e1vel e acess\u00edvel para ajudar voc\u00ea a compreender melhor o pr\u00f3prio corpo, tirar d\u00favidas e acompanhar os avan\u00e7os da medicina na \u00e1rea da sa\u00fade da mulher.<\/p>\n<\/div><\/div>\n\n<\/div><\/div><\/div><\/div>\n\n<\/div><\/div>\n\n<style>.kb-row-layout-id1065_8b1d57-3a > .kt-row-column-wrap{align-content:start;}:where(.kb-row-layout-id1065_8b1d57-3a > .kt-row-column-wrap) > .wp-block-kadence-column{justify-content:start;}.kb-row-layout-id1065_8b1d57-3a > .kt-row-column-wrap{column-gap:var(--global-kb-gap-md, 2rem);row-gap:var(--global-kb-gap-md, 2rem);max-width:var( --global-content-width, 1290px );padding-left:var(--global-content-edge-padding);padding-right:var(--global-content-edge-padding);padding-top:20px;padding-right:20px;padding-bottom:11px;padding-left:20px;grid-template-columns:minmax(0, 1fr);}.kb-row-layout-id1065_8b1d57-3a{background-color:#e9e5dc;}.kb-row-layout-id1065_8b1d57-3a > .kt-row-layout-overlay{opacity:0.30;}@media all and (max-width: 1024px){.kb-row-layout-id1065_8b1d57-3a > .kt-row-column-wrap{padding-top:40px;padding-right:150px;padding-bottom:60px;padding-left:150px;grid-template-columns:minmax(0, 1fr);}}@media all and (max-width: 767px){.kb-row-layout-id1065_8b1d57-3a > .kt-row-column-wrap{padding-top:0px;padding-right:30px;padding-bottom:40px;padding-left:30px;grid-template-columns:minmax(0, 1fr);}}<\/style><div class=\"kb-row-layout-wrap kb-row-layout-id1065_8b1d57-3a alignnone kt-row-has-bg wp-block-kadence-rowlayout\"><div class=\"kt-row-column-wrap kt-has-1-columns kt-row-layout-equal kt-tab-layout-inherit kt-mobile-layout-row kt-row-valign-top kb-theme-content-width\">\n<style>.kadence-column1065_ce34c2-34 > .kt-inside-inner-col,.kadence-column1065_ce34c2-34 > .kt-inside-inner-col:before{border-top-left-radius:0px;border-top-right-radius:0px;border-bottom-right-radius:0px;border-bottom-left-radius:0px;}.kadence-column1065_ce34c2-34 > .kt-inside-inner-col{column-gap:var(--global-kb-gap-sm, 1rem);}.kadence-column1065_ce34c2-34 > .kt-inside-inner-col{flex-direction:column;}.kadence-column1065_ce34c2-34 > .kt-inside-inner-col > .aligncenter{width:100%;}.kadence-column1065_ce34c2-34 > .kt-inside-inner-col:before{opacity:0.3;}.kadence-column1065_ce34c2-34{position:relative;}@media all and (max-width: 1024px){.kadence-column1065_ce34c2-34 > .kt-inside-inner-col{flex-direction:column;justify-content:center;}}@media all and (max-width: 767px){.kadence-column1065_ce34c2-34 > .kt-inside-inner-col{flex-direction:column;justify-content:center;}}<\/style>\n<div class=\"wp-block-kadence-column kadence-column1065_ce34c2-34 inner-column-1\"><div class=\"kt-inside-inner-col\">\n<div class=\"wp-block-query is-layout-flow wp-block-query-is-layout-flow\"><ul class=\"columns-3 wp-block-post-template is-layout-grid wp-container-core-post-template-is-layout-2fc57c17 wp-block-post-template-is-layout-grid\"><li class=\"wp-block-post post-1209 post type-post status-publish format-standard hentry category-microscopia\">\n\n<div class=\"wp-block-group\" style=\"padding-top:30px;padding-right:30px;padding-bottom:30px;padding-left:30px\"><div class=\"wp-block-group__inner-container is-layout-flow wp-block-group-is-layout-flow\"><h2 class=\"wp-block-post-title\"><a href=\"https:\/\/dracrisgeo.com.br\/?p=1209\" target=\"_self\" >Quem \u00e9 a Dra. Cris G\u00e9o e qual \u00e9 o trabalho dela<\/a><\/h2>\n\n<div class=\"wp-block-post-excerpt\"><p class=\"wp-block-post-excerpt__excerpt\">A Dra. Cristina G\u00e9o \u00e9 ginecologista com foco em algo que, na pr\u00e1tica, muda a vida de muita mulher: olhar a sa\u00fade \u00edntima de forma profunda, detalhada e sem pressa. Ela se especializou no diagn\u00f3stico e tratamento das queixas que mais incomodam no dia a dia, como corrimentos recorrentes, coceira, ard\u00eancia, desconforto nas rela\u00e7\u00f5es, altera\u00e7\u00f5es&#8230; <\/p><\/div>\n\n<div class=\"wp-block-post-date\"><time datetime=\"2025-12-01T07:55:14-03:00\">1 de December de 2025<\/time><\/div><\/div><\/div>\n\n<\/li><\/ul><\/div>\n<\/div><\/div>\n\n<\/div><\/div>\n\n\n<p><\/p>\n","protected":false},"excerpt":{"rendered":"<p>Blog Neste espa\u00e7o, compartilho informa\u00e7\u00f5es, novidades e reflex\u00f5es sobre sa\u00fade feminina, ginecologia e bem-estar.Meu objetivo \u00e9 oferecer conte\u00fado confi\u00e1vel e acess\u00edvel para ajudar voc\u00ea a compreender melhor o pr\u00f3prio corpo, tirar d\u00favidas e acompanhar os avan\u00e7os da medicina na \u00e1rea da sa\u00fade da mulher.<\/p>\n","protected":false},"author":1,"featured_media":0,"parent":0,"menu_order":0,"comment_status":"closed","ping_status":"closed","template":"","meta":{"_kadence_starter_templates_imported_post":true,"_kad_post_transparent":"","_kad_post_title":"hide","_kad_post_layout":"fullwidth","_kad_post_sidebar_id":"","_kad_post_content_style":"unboxed","_kad_post_vertical_padding":"hide","_kad_post_feature":"hide","_kad_post_feature_position":"","_kad_post_header":false,"_kad_post_footer":false,"footnotes":""},"class_list":["post-1065","page","type-page","status-publish","hentry"],"acf":[],"_links":{"self":[{"href":"https:\/\/dracrisgeo.com.br\/index.php?rest_route=\/wp\/v2\/pages\/1065","targetHints":{"allow":["GET"]}}],"collection":[{"href":"https:\/\/dracrisgeo.com.br\/index.php?rest_route=\/wp\/v2\/pages"}],"about":[{"href":"https:\/\/dracrisgeo.com.br\/index.php?rest_route=\/wp\/v2\/types\/page"}],"author":[{"embeddable":true,"href":"https:\/\/dracrisgeo.com.br\/index.php?rest_route=\/wp\/v2\/users\/1"}],"replies":[{"embeddable":true,"href":"https:\/\/dracrisgeo.com.br\/index.php?rest_route=%2Fwp%2Fv2%2Fcomments&post=1065"}],"version-history":[{"count":12,"href":"https:\/\/dracrisgeo.com.br\/index.php?rest_route=\/wp\/v2\/pages\/1065\/revisions"}],"predecessor-version":[{"id":1192,"href":"https:\/\/dracrisgeo.com.br\/index.php?rest_route=\/wp\/v2\/pages\/1065\/revisions\/1192"}],"wp:attachment":[{"href":"https:\/\/dracrisgeo.com.br\/index.php?rest_route=%2Fwp%2Fv2%2Fmedia&parent=1065"}],"curies":[{"name":"wp","href":"https:\/\/api.w.org\/{rel}","templated":true}]}}